{"id":991,"date":"2019-04-03T11:31:01","date_gmt":"2019-04-03T09:31:01","guid":{"rendered":"http:\/\/eocsl.com\/?page_id=991"},"modified":"2025-08-25T12:40:09","modified_gmt":"2025-08-25T10:40:09","slug":"soluciones-para-el-medio-ambiente","status":"publish","type":"page","link":"https:\/\/eocinformatica.com\/es\/servicios-profesionales\/soluciones-para-el-medio-ambiente\/","title":{"rendered":"SOLUCIONES PARA EL MEDIO AMBIENTE"},"content":{"rendered":"<p>[et_pb_section fb_built=\u00bb1&#8243; admin_label=\u00bbHeader\u00bb _builder_version=\u00bb4.16&#8243; background_color=\u00bb#2130b7&#8243; use_background_color_gradient=\u00bbon\u00bb background_color_gradient_type=\u00bbcircular\u00bb background_color_gradient_stops=\u00bb#2130b7 0%|rgba(33,48,183,0) 48%\u00bb background_color_gradient_overlays_image=\u00bbon\u00bb background_color_gradient_start=\u00bb#2130b7&#8243; background_color_gradient_end=\u00bbrgba(33,48,183,0)\u00bb background_color_gradient_end_position=\u00bb48%\u00bb background_image=\u00bbhttps:\/\/eocinformatica.com\/wp-content\/uploads\/2019\/03\/fab94aeb-426c-49a6-ba58-bc7cd5df79bf.jpg\u00bb custom_margin=\u00bb||||false\u00bb custom_padding=\u00bb0||0||true|false\u00bb global_colors_info=\u00bb{}\u00bb][et_pb_row custom_padding_last_edited=\u00bbon|tablet\u00bb _builder_version=\u00bb4.16&#8243; max_width=\u00bb80%\u00bb custom_padding=\u00bb141px|0px|141px|0px|true|false\u00bb custom_padding_tablet=\u00bb40px||40px||true\u00bb custom_padding_phone=\u00bb\u00bb use_custom_width=\u00bbon\u00bb width_unit=\u00bboff\u00bb global_colors_info=\u00bb{}\u00bb][et_pb_column type=\u00bb4_4&#8243; _builder_version=\u00bb4.16&#8243; custom_padding=\u00bb|||\u00bb global_colors_info=\u00bb{}\u00bb custom_padding__hover=\u00bb|||\u00bb][et_pb_text _builder_version=\u00bb4.16&#8243; text_font=\u00bb||||||||\u00bb header_font=\u00bbPoppins|600|||||||\u00bb header_font_size=\u00bb84.2px\u00bb header_line_height=\u00bb1.5em\u00bb text_orientation=\u00bbcenter\u00bb background_layout=\u00bbdark\u00bb max_width=\u00bb55%\u00bb max_width_tablet=\u00bb\u00bb max_width_phone=\u00bb\u00bb max_width_last_edited=\u00bbon|desktop\u00bb module_alignment=\u00bbcenter\u00bb custom_margin=\u00bb||20px\u00bb animation_style=\u00bbfade\u00bb header_font_size_tablet=\u00bb38px\u00bb header_font_size_phone=\u00bb28px\u00bb header_font_size_last_edited=\u00bbon|phone\u00bb header_text_shadow_style=\u00bbpreset3&#8243; header_text_shadow_vertical_length=\u00bb0.3em\u00bb header_text_shadow_blur_strength=\u00bb1.4em\u00bb header_text_shadow_color=\u00bbrgba(0,0,0,0.24)\u00bb global_colors_info=\u00bb{}\u00bb header_3_font_size__hover=\u00bb22px\u00bb header_3_font_size__hover_enabled=\u00bb22px\u00bb header_3_letter_spacing__hover=\u00bb0px\u00bb header_3_letter_spacing__hover_enabled=\u00bb0px\u00bb header_3_line_height__hover=\u00bb1em\u00bb header_3_line_height__hover_enabled=\u00bb1em\u00bb header_3_text_shadow_style__hover=\u00bbnone\u00bb header_3_text_shadow_style__hover_enabled=\u00bbnone\u00bb header_3_text_shadow_color__hover=\u00bbrgba(0,0,0,0.4)\u00bb header_3_text_shadow_color__hover_enabled=\u00bbrgba(0,0,0,0.4)\u00bb]<\/p>\n<h1>EOC INFORM\u00c1TICA<\/h1>\n<p>[\/et_pb_text][et_pb_text _builder_version=\u00bb4.16&#8243; text_font=\u00bb|300|||||||\u00bb text_text_color=\u00bb#ffffff\u00bb text_font_size=\u00bb16px\u00bb text_letter_spacing=\u00bb6px\u00bb text_orientation=\u00bbcenter\u00bb text_text_shadow_style=\u00bbpreset1&#8243; global_colors_info=\u00bb{}\u00bb]<\/p>\n<p>SERVICIOS PROFESIONALES<\/p>\n<p>[\/et_pb_text][et_pb_text _builder_version=\u00bb4.16&#8243; text_font=\u00bb||||||||\u00bb text_font_size=\u00bb16px\u00bb text_line_height=\u00bb2em\u00bb text_orientation=\u00bbcenter\u00bb background_layout=\u00bbdark\u00bb max_width=\u00bb50%\u00bb max_width_tablet=\u00bb\u00bb max_width_phone=\u00bb\u00bb max_width_last_edited=\u00bbon|tablet\u00bb module_alignment=\u00bbcenter\u00bb custom_margin=\u00bb||60px\u00bb custom_margin_tablet=\u00bb||30px\u00bb custom_margin_phone=\u00bb\u00bb custom_margin_last_edited=\u00bbon|desktop\u00bb text_font_size_tablet=\u00bb\u00bb text_font_size_phone=\u00bb14px\u00bb text_font_size_last_edited=\u00bbon|phone\u00bb global_colors_info=\u00bb{}\u00bb][\/et_pb_text][\/et_pb_column][\/et_pb_row][\/et_pb_section][et_pb_section fb_built=\u00bb1&#8243; _builder_version=\u00bb4.16&#8243; custom_padding=\u00bb73px|0px|0|0px|false|false\u00bb global_colors_info=\u00bb{}\u00bb][et_pb_row column_structure=\u00bb1_2,1_2&#8243; make_equal=\u00bbon\u00bb module_class=\u00bb et_pb_row_fullwidth\u00bb _builder_version=\u00bb4.27.4&#8243; width=\u00bb89%\u00bb width_tablet=\u00bb80%\u00bb width_phone=\u00bb80%\u00bb width_last_edited=\u00bbon|desktop\u00bb max_width=\u00bb89%\u00bb max_width_tablet=\u00bb80%\u00bb max_width_phone=\u00bb80%\u00bb max_width_last_edited=\u00bbon|desktop\u00bb custom_padding=\u00bb27px|0px|0|0px|false|false\u00bb custom_css_main_element=\u00bbalign-items:center;\u00bb make_fullwidth=\u00bbon\u00bb global_colors_info=\u00bb{}\u00bb][et_pb_column type=\u00bb1_2&#8243; _builder_version=\u00bb4.16&#8243; custom_padding=\u00bb|||\u00bb global_colors_info=\u00bb{}\u00bb custom_padding__hover=\u00bb|||\u00bb][et_pb_text _builder_version=\u00bb4.27.4&#8243; text_font=\u00bb||||||||\u00bb text_line_height=\u00bb2em\u00bb header_2_font=\u00bbPoppins|600|||||||\u00bb header_2_font_size=\u00bb40px\u00bb header_2_line_height=\u00bb1.4em\u00bb header_3_font=\u00bbPoppins|600||on|||||\u00bb header_3_text_color=\u00bb#ff885a\u00bb header_3_font_size=\u00bb13px\u00bb header_3_letter_spacing=\u00bb2px\u00bb header_3_line_height=\u00bb1.8em\u00bb max_width=\u00bb700px\u00bb header_2_font_size_tablet=\u00bb26px\u00bb header_2_font_size_phone=\u00bb20px\u00bb header_2_font_size_last_edited=\u00bbon|phone\u00bb global_colors_info=\u00bb{}\u00bb]<\/p>\n<h3>EOC INFORM\u00c1TICA<\/h3>\n<p><\/p>\n<h2>SOLUCIONES PARA EL MEDIO AMBIENTE<\/h2>\n<p><\/p>\n<p style=\"text-align: justify;\">La protecci\u00f3n del medio ambiente es parte fundamental del trabajo cotidiano de KYOCERA. La investigaci\u00f3n de las \u00faltimas d\u00e9cadas se ha centrado no s\u00f3lo en el desarrollo de los dispositivos m\u00e1s avanzados de gesti\u00f3n documental, sino tambi\u00e9n en respetar el entorno natural. KYOCERA fue la primera en desarrollar la tecnolog\u00eda ECOSYS, basada en la utilizaci\u00f3n de componentes de larga duraci\u00f3n por lo que no es necesario cambiar el tambor y otros componentes cada vez que se sustituye el t\u00f3ner. Este sistema reduce significativamente los residuos y el gasto en consumibles. Los usuarios de los productos KYOCERA protegen el medio ambiente y al mismo tiempo disfrutan de los beneficios de un equipo profesional con un coste por p\u00e1gina y un coste total de propiedad muy bajos. Muchos de los productos de KYOCERA han recibido reconocidos premios a nivel mundial por su compromiso con el medio ambiente y las actividades desarrolladas para favorecer la preservaci\u00f3n de nuestro entorno. KYOCERA Document Solutions Espa\u00f1a cumple los estrictos requisitos de la norma ISO 14001:2004 de Gesti\u00f3n Medioambiental. La certificaci\u00f3n cubre todos los productos (impresoras, multifuncionales y sus consumibles) as\u00ed como el servicio ofrecido y el almacenamiento de piezas de repuesto.<\/p>\n<p><\/p>\n<p style=\"text-align: justify;\">\u00a0<\/p>\n<p>[\/et_pb_text][\/et_pb_column][et_pb_column type=\u00bb1_2&#8243; _builder_version=\u00bb4.16&#8243; custom_padding=\u00bb|||\u00bb global_colors_info=\u00bb{}\u00bb custom_padding__hover=\u00bb|||\u00bb][et_pb_image src=\u00bbhttps:\/\/eocinformatica.com\/wp-content\/uploads\/2019\/03\/30060022.jpg\u00bb align_tablet=\u00bbcenter\u00bb align_phone=\u00bbcenter\u00bb align_last_edited=\u00bbon|desktop\u00bb _builder_version=\u00bb4.27.4&#8243; custom_margin=\u00bb||||false|false\u00bb custom_margin_tablet=\u00bb||49px||false|false\u00bb custom_margin_phone=\u00bb\u00bb custom_margin_last_edited=\u00bbon|phone\u00bb global_colors_info=\u00bb{}\u00bb][\/et_pb_image][\/et_pb_column][\/et_pb_row][et_pb_row module_class=\u00bb et_pb_row_fullwidth\u00bb _builder_version=\u00bb4.16&#8243; width=\u00bb89%\u00bb width_tablet=\u00bb80%\u00bb width_phone=\u00bb80%\u00bb width_last_edited=\u00bbon|desktop\u00bb max_width=\u00bb89%\u00bb max_width_tablet=\u00bb80%\u00bb max_width_phone=\u00bb80%\u00bb max_width_last_edited=\u00bbon|desktop\u00bb custom_padding=\u00bb0|0px|27px|0px|false|false\u00bb make_fullwidth=\u00bbon\u00bb global_colors_info=\u00bb{}\u00bb][et_pb_column type=\u00bb4_4&#8243; _builder_version=\u00bb4.16&#8243; custom_padding=\u00bb|||\u00bb global_colors_info=\u00bb{}\u00bb custom_padding__hover=\u00bb|||\u00bb][et_pb_text _builder_version=\u00bb4.27.4&#8243; hover_enabled=\u00bb0&#8243; global_colors_info=\u00bb{}\u00bb sticky_enabled=\u00bb0&#8243;]<\/p>\n<p style=\"text-align: justify;\">La Pol\u00edtica que rige nuestro Sistema de Gesti\u00f3n Medioambiental est\u00e1 basada en siete puntos principales:<\/p>\n<p><\/p>\n<p>\u00b7 KYOCERA Document Solutions Espa\u00f1a S.A. est\u00e1 comprometida con la protecci\u00f3n del medio ambiente, la conservaci\u00f3n de los recursos naturales y pone todo su esfuerzo por ser una empresa ejemplar. \u00b7 Cumpliremos con la legislaci\u00f3n local, provincial y gubernamental en materia de medio ambiente. \u00b7 Estamos comprometidos en la mejora continua del sistema medioambiental y en prevenir la poluci\u00f3n desde su origen siempre que sea posible. \u00b7 Lo llevaremos a cabo a trav\u00e9s de nuestro esfuerzo por reducir nuestros consumos de energ\u00eda y materiales, reutilizando y reciclando en lugar de rechazando siempre que sea posible, para minimizar los impactos desfavorecedores para el medio ambiente derivados de nuestra actividad y nuestros productos. \u00b7 Formaremos a nuestros empleados para que sean responsables de la protecci\u00f3n medioambiental. \u00b7 Desde KYOCERA Document Solutions Espa\u00f1a S.A. reduciremos los efectos adversos para el medio ambiente por medio de un control completo de nuestras instalaciones y reduciremos la peligrosidad de las sustancias qu\u00edmicas que se utilizan en nuestra actividad. \u00b7 Desde KYOCERA Document Solutions Espa\u00f1a S.A. se promover\u00e1 la conservaci\u00f3n de la energ\u00eda con actividades como el consumo efectivo de electricidad y combustible para prevenir el calentamiento global.\u00a0<\/p>\n<p>[\/et_pb_text][\/et_pb_column][\/et_pb_row][\/et_pb_section]<\/p>\n","protected":false},"excerpt":{"rendered":"<p>EOC INFORM\u00c1TICASERVICIOS PROFESIONALES EOC INFORM\u00c1TICASOLUCIONES PARA EL MEDIO AMBIENTELa protecci\u00f3n del medio ambiente es parte fundamental del trabajo cotidiano de KYOCERA. La investigaci\u00f3n de las \u00faltimas d\u00e9cadas se ha centrado no s\u00f3lo en el desarrollo de los dispositivos m\u00e1s avanzados de gesti\u00f3n documental, sino tambi\u00e9n en respetar el entorno natural. KYOCERA fue la primera en [&hellip;]<\/p>\n","protected":false},"author":1,"featured_media":0,"parent":1020,"menu_order":0,"comment_status":"closed","ping_status":"closed","template":"","meta":{"_et_pb_use_builder":"on","_et_pb_old_content":"","_et_gb_content_width":"","footnotes":""},"class_list":["post-991","page","type-page","status-publish","hentry"],"_links":{"self":[{"href":"https:\/\/eocinformatica.com\/es\/wp-json\/wp\/v2\/pages\/991","targetHints":{"allow":["GET"]}}],"collection":[{"href":"https:\/\/eocinformatica.com\/es\/wp-json\/wp\/v2\/pages"}],"about":[{"href":"https:\/\/eocinformatica.com\/es\/wp-json\/wp\/v2\/types\/page"}],"author":[{"embeddable":true,"href":"https:\/\/eocinformatica.com\/es\/wp-json\/wp\/v2\/users\/1"}],"replies":[{"embeddable":true,"href":"https:\/\/eocinformatica.com\/es\/wp-json\/wp\/v2\/comments?post=991"}],"version-history":[{"count":9,"href":"https:\/\/eocinformatica.com\/es\/wp-json\/wp\/v2\/pages\/991\/revisions"}],"predecessor-version":[{"id":26066,"href":"https:\/\/eocinformatica.com\/es\/wp-json\/wp\/v2\/pages\/991\/revisions\/26066"}],"up":[{"embeddable":true,"href":"https:\/\/eocinformatica.com\/es\/wp-json\/wp\/v2\/pages\/1020"}],"wp:attachment":[{"href":"https:\/\/eocinformatica.com\/es\/wp-json\/wp\/v2\/media?parent=991"}],"curies":[{"name":"wp","href":"https:\/\/api.w.org\/{rel}","templated":true}]}}