{"id":1095,"date":"2019-04-03T11:53:27","date_gmt":"2019-04-03T09:53:27","guid":{"rendered":"http:\/\/eocsl.com\/?page_id=1095"},"modified":"2023-10-03T12:18:57","modified_gmt":"2023-10-03T10:18:57","slug":"fs-9530dn","status":"publish","type":"page","link":"https:\/\/eocinformatica.com\/es\/fs-9530dn\/","title":{"rendered":"FS-9530DN"},"content":{"rendered":"<p>[et_pb_section fb_built=\u00bb1&#8243; _builder_version=\u00bb3.19.15&#8243; custom_padding=\u00bb54px|0px|55px|0px|false|false\u00bb][et_pb_row _builder_version=\u00bb3.17.6&#8243; locked=\u00bboff\u00bb][et_pb_column type=\u00bb4_4&#8243; _builder_version=\u00bb3.0.47&#8243;][et_pb_text _builder_version=\u00bb3.19.15&#8243; text_font=\u00bb||||||||\u00bb text_line_height=\u00bb2em\u00bb header_2_font=\u00bbPoppins|600|||||||\u00bb header_2_font_size=\u00bb40px\u00bb header_2_font_size_tablet=\u00bb26px\u00bb header_2_font_size_phone=\u00bb20px\u00bb header_2_font_size_last_edited=\u00bbon|phone\u00bb header_2_line_height=\u00bb1.4em\u00bb header_3_font=\u00bbPoppins|600||on|||||\u00bb header_3_text_color=\u00bb#ff885a\u00bb header_3_font_size=\u00bb13px\u00bb header_3_letter_spacing=\u00bb2px\u00bb header_3_line_height=\u00bb1.8em\u00bb text_orientation=\u00bbcenter\u00bb max_width=\u00bb700px\u00bb module_alignment=\u00bbcenter\u00bb locked=\u00bboff\u00bb]<\/p>\n<h3>impresoras<\/h3>\n<h2>ECOSYS P4140dn<\/h2>\n<p>[\/et_pb_text][\/et_pb_column][\/et_pb_row][et_pb_row make_fullwidth=\u00bbon\u00bb custom_padding=\u00bb27px|0px|0|0px|false|false\u00bb background_color_3=\u00bbrgba(0,0,0,0.09)\u00bb padding_top_3=\u00bb1%\u00bb padding_right_3=\u00bb1%\u00bb padding_bottom_3=\u00bb1%\u00bb padding_left_3=\u00bb1%\u00bb _builder_version=\u00bb3.19.15&#8243; locked=\u00bboff\u00bb][et_pb_column type=\u00bb1_5&#8243; _builder_version=\u00bb3.0.47&#8243;][et_pb_image src=\u00bbhttps:\/\/eocinformatica.com\/wp-content\/uploads\/2019\/04\/6.jpg\u00bb _builder_version=\u00bb3.19.15&#8243;][\/et_pb_image][\/et_pb_column][et_pb_column type=\u00bb3_5&#8243; _builder_version=\u00bb3.0.47&#8243;][et_pb_image src=\u00bbhttps:\/\/eocinformatica.com\/wp-content\/uploads\/2022\/02\/000.png\u00bb align=\u00bbcenter\u00bb _builder_version=\u00bb3.19.15&#8243; max_width=\u00bb60%\u00bb][\/et_pb_image][\/et_pb_column][et_pb_column type=\u00bb1_5&#8243; _builder_version=\u00bb3.0.47&#8243;][et_pb_text _builder_version=\u00bb3.19.15&#8243; header_font=\u00bb|300|||||||\u00bb header_2_font=\u00bb|300|||||||\u00bb]<\/p>\n<h2 style=\"text-align: center;\">DESCARGAS<\/h2>\n<p>[\/et_pb_text][et_pb_blurb title=\u00bbECOSYS P4140dn Cat\u00e1logo\u00bb url=\u00bbhttps:\/\/eocinformatica.com\/wp-content\/uploads\/2022\/02\/DS_ECOSYS_P4140dn.pdf\u00bb url_new_window=\u00bbon\u00bb use_icon=\u00bbon\u00bb font_icon=\u00bb%%98%%\u00bb icon_color=\u00bb#ff885a\u00bb icon_placement=\u00bbleft\u00bb use_icon_font_size=\u00bbon\u00bb icon_font_size=\u00bb20px\u00bb _builder_version=\u00bb3.19.15&#8243; header_font=\u00bb|300|||||||\u00bb header_font_size=\u00bb14px\u00bb][\/et_pb_blurb][et_pb_blurb title=\u00bbDrivers\u00bb use_icon=\u00bbon\u00bb font_icon=\u00bb%%142%%\u00bb icon_color=\u00bb#ff885a\u00bb icon_placement=\u00bbleft\u00bb use_icon_font_size=\u00bbon\u00bb icon_font_size=\u00bb20px\u00bb _builder_version=\u00bb3.19.15&#8243; header_font=\u00bb|300|||||||\u00bb header_font_size=\u00bb14px\u00bb link_option_url=\u00bbhttps:\/\/eocinformatica.com\/wp-content\/uploads\/2019\/04\/IMPRESORES_DRIVER_KYO.zip\u00bb][\/et_pb_blurb][\/et_pb_column][\/et_pb_row][et_pb_row make_fullwidth=\u00bbon\u00bb custom_padding=\u00bb27px|0px|0|0px|false|false\u00bb _builder_version=\u00bb3.19.15&#8243;][et_pb_column type=\u00bb1_5&#8243; _builder_version=\u00bb3.0.47&#8243;][\/et_pb_column][et_pb_column type=\u00bb3_5&#8243; _builder_version=\u00bb3.0.47&#8243;][et_pb_text _builder_version=\u00bb3.19.15&#8243;]<\/p>\n<p style=\"text-align: center;\">Esta multifuncional A3 blanco y negro ofrece la posibilidad de aumentar la capacidad de almacenamiento de papel hasta de 6 cajones para un mejor manejo del mismo. Adem\u00e1s este dispositivo impresiona a\u00f1adiendo todos las caracter\u00edsticas de seguridad est\u00e1ndares en su disco duro SSD opcional y su tecnolog\u00eda ECOSYS de componentes de larga duraci\u00f3n.<\/p>\n<p>[\/et_pb_text][et_pb_text _builder_version=\u00bb3.19.15&#8243; text_font=\u00bb||||||||\u00bb text_line_height=\u00bb2em\u00bb header_2_font=\u00bbPoppins|600|||||||\u00bb header_2_font_size=\u00bb40px\u00bb header_2_font_size_tablet=\u00bb26px\u00bb header_2_font_size_phone=\u00bb20px\u00bb header_2_font_size_last_edited=\u00bbon|phone\u00bb header_2_line_height=\u00bb1.4em\u00bb header_3_font=\u00bbPoppins|600||on|||||\u00bb header_3_text_color=\u00bb#ff885a\u00bb header_3_font_size=\u00bb13px\u00bb header_3_letter_spacing=\u00bb2px\u00bb header_3_line_height=\u00bb1.8em\u00bb text_orientation=\u00bbcenter\u00bb max_width=\u00bb700px\u00bb module_alignment=\u00bbcenter\u00bb locked=\u00bboff\u00bb]<\/p>\n<h3 style=\"text-align: center;\">caracter\u00edsticas<\/h3>\n<p>[\/et_pb_text][et_pb_text _builder_version=\u00bb3.19.15&#8243;]<\/p>\n<p style=\"text-align: center;\">Impresora A3 Monocromo<\/p>\n<p style=\"text-align: center;\">40 ppm en A4 y 22 ppm en A3<\/p>\n<p style=\"text-align: center;\">WiFi &amp; WiFi Direct opcional<\/p>\n<p>[\/et_pb_text][\/et_pb_column][et_pb_column type=\u00bb1_5&#8243; _builder_version=\u00bb3.0.47&#8243;][et_pb_text _builder_version=\u00bb3.19.15&#8243; text_font=\u00bb||||||||\u00bb text_line_height=\u00bb2em\u00bb header_2_font=\u00bbPoppins|600|||||||\u00bb header_2_font_size=\u00bb40px\u00bb header_2_font_size_tablet=\u00bb26px\u00bb header_2_font_size_phone=\u00bb20px\u00bb header_2_font_size_last_edited=\u00bbon|phone\u00bb header_2_line_height=\u00bb1.4em\u00bb header_3_font=\u00bbPoppins|600||on|||||\u00bb header_3_text_color=\u00bb#ff885a\u00bb header_3_font_size=\u00bb13px\u00bb header_3_letter_spacing=\u00bb2px\u00bb header_3_line_height=\u00bb1.8em\u00bb text_orientation=\u00bbcenter\u00bb max_width=\u00bb700px\u00bb module_alignment=\u00bbcenter\u00bb locked=\u00bboff\u00bb]<\/p>\n<h3 style=\"text-align: center;\">galer\u00eda<\/h3>\n<p>[\/et_pb_text][et_pb_gallery gallery_ids=\u00bb1508&#8243; fullwidth=\u00bbon\u00bb _builder_version=\u00bb3.19.15&#8243; custom_margin=\u00bb-15%||\u00bb][\/et_pb_gallery][\/et_pb_column][\/et_pb_row][et_pb_row _builder_version=\u00bb3.19.15&#8243;][et_pb_column type=\u00bb4_4&#8243; _builder_version=\u00bb3.0.47&#8243;][et_pb_button button_url=\u00bbhttps:\/\/eocinformatica.com\/contacte\/?your-inter=FS-9530DN\u00bb button_text=\u00bbSOLICITAR INFORMACI\u00d3N\u00bb button_alignment=\u00bbcenter\u00bb _builder_version=\u00bb3.19.15&#8243; custom_button=\u00bbon\u00bb button_text_size=\u00bb12px\u00bb button_text_color=\u00bb#000000&#8243; button_border_width=\u00bb1px\u00bb button_font=\u00bb||||||||\u00bb custom_margin=\u00bb||\u00bb][\/et_pb_button][\/et_pb_column][\/et_pb_row][\/et_pb_section]<\/p>\n","protected":false},"excerpt":{"rendered":"<p>impresoras ECOSYS P4140dnDESCARGAS Esta multifuncional A3 blanco y negro ofrece la posibilidad de aumentar la capacidad de almacenamiento de papel hasta de 6 cajones para un mejor manejo del mismo. Adem\u00e1s este dispositivo impresiona a\u00f1adiendo todos las caracter\u00edsticas de seguridad est\u00e1ndares en su disco duro SSD opcional y su tecnolog\u00eda ECOSYS de componentes de larga [&hellip;]<\/p>\n","protected":false},"author":1,"featured_media":0,"parent":0,"menu_order":0,"comment_status":"closed","ping_status":"closed","template":"","meta":{"_et_pb_use_builder":"on","_et_pb_old_content":"","_et_gb_content_width":"","footnotes":""},"class_list":["post-1095","page","type-page","status-publish","hentry"],"_links":{"self":[{"href":"https:\/\/eocinformatica.com\/es\/wp-json\/wp\/v2\/pages\/1095","targetHints":{"allow":["GET"]}}],"collection":[{"href":"https:\/\/eocinformatica.com\/es\/wp-json\/wp\/v2\/pages"}],"about":[{"href":"https:\/\/eocinformatica.com\/es\/wp-json\/wp\/v2\/types\/page"}],"author":[{"embeddable":true,"href":"https:\/\/eocinformatica.com\/es\/wp-json\/wp\/v2\/users\/1"}],"replies":[{"embeddable":true,"href":"https:\/\/eocinformatica.com\/es\/wp-json\/wp\/v2\/comments?post=1095"}],"version-history":[{"count":8,"href":"https:\/\/eocinformatica.com\/es\/wp-json\/wp\/v2\/pages\/1095\/revisions"}],"predecessor-version":[{"id":23805,"href":"https:\/\/eocinformatica.com\/es\/wp-json\/wp\/v2\/pages\/1095\/revisions\/23805"}],"wp:attachment":[{"href":"https:\/\/eocinformatica.com\/es\/wp-json\/wp\/v2\/media?parent=1095"}],"curies":[{"name":"wp","href":"https:\/\/api.w.org\/{rel}","templated":true}]}}