{"id":1089,"date":"2019-04-03T11:52:44","date_gmt":"2019-04-03T09:52:44","guid":{"rendered":"http:\/\/eocsl.com\/?page_id=1089"},"modified":"2022-02-16T11:16:07","modified_gmt":"2022-02-16T10:16:07","slug":"ecosys-p5026cdn","status":"publish","type":"page","link":"https:\/\/eocinformatica.com\/es\/ecosys-p5026cdn\/","title":{"rendered":"Ecosys P5026cdn"},"content":{"rendered":"<p>[et_pb_section fb_built=\u00bb1&#8243; _builder_version=\u00bb3.19.15&#8243;][et_pb_row _builder_version=\u00bb3.17.6&#8243; locked=\u00bboff\u00bb][et_pb_column type=\u00bb4_4&#8243; _builder_version=\u00bb3.0.47&#8243;][et_pb_text _builder_version=\u00bb3.19.15&#8243; text_font=\u00bb||||||||\u00bb text_line_height=\u00bb2em\u00bb header_2_font=\u00bbPoppins|600|||||||\u00bb header_2_font_size=\u00bb40px\u00bb header_2_font_size_tablet=\u00bb26px\u00bb header_2_font_size_phone=\u00bb20px\u00bb header_2_font_size_last_edited=\u00bbon|phone\u00bb header_2_line_height=\u00bb1.4em\u00bb header_3_font=\u00bbPoppins|600||on|||||\u00bb header_3_text_color=\u00bb#ff885a\u00bb header_3_font_size=\u00bb13px\u00bb header_3_letter_spacing=\u00bb2px\u00bb header_3_line_height=\u00bb1.8em\u00bb text_orientation=\u00bbcenter\u00bb max_width=\u00bb700px\u00bb module_alignment=\u00bbcenter\u00bb locked=\u00bboff\u00bb]<\/p>\n<h3>impresoras<\/h3>\n<h2>ECOSYS P7240cdn<\/h2>\n<p>[\/et_pb_text][\/et_pb_column][\/et_pb_row][et_pb_row make_fullwidth=\u00bbon\u00bb custom_padding=\u00bb27px|0px|0|0px|false|false\u00bb background_color_3=\u00bbrgba(0,0,0,0.09)\u00bb padding_top_3=\u00bb1%\u00bb padding_right_3=\u00bb1%\u00bb padding_bottom_3=\u00bb1%\u00bb padding_left_3=\u00bb1%\u00bb _builder_version=\u00bb3.19.15&#8243; locked=\u00bboff\u00bb][et_pb_column type=\u00bb1_5&#8243; _builder_version=\u00bb3.0.47&#8243;][et_pb_image src=\u00bbhttps:\/\/eocinformatica.com\/wp-content\/uploads\/2019\/04\/5.jpg\u00bb _builder_version=\u00bb3.19.15&#8243;][\/et_pb_image][\/et_pb_column][et_pb_column type=\u00bb3_5&#8243; _builder_version=\u00bb3.0.47&#8243;][et_pb_image src=\u00bbhttps:\/\/eocinformatica.com\/wp-content\/uploads\/2022\/02\/0.png\u00bb align=\u00bbcenter\u00bb _builder_version=\u00bb3.19.15&#8243; max_width=\u00bb60%\u00bb][\/et_pb_image][\/et_pb_column][et_pb_column type=\u00bb1_5&#8243; _builder_version=\u00bb3.0.47&#8243;][et_pb_text _builder_version=\u00bb3.19.15&#8243; header_font=\u00bb|300|||||||\u00bb header_2_font=\u00bb|300|||||||\u00bb]<\/p>\n<h2 style=\"text-align: center;\">DESCARGAS<\/h2>\n<p>[\/et_pb_text][et_pb_blurb title=\u00bbECOSYS P7240cdn Cat\u00e1logo\u00bb url=\u00bbhttps:\/\/eocinformatica.com\/wp-content\/uploads\/2022\/02\/ECOSYS_P7240cdn_datasheet.pdf\u00bb url_new_window=\u00bbon\u00bb use_icon=\u00bbon\u00bb font_icon=\u00bb%%98%%\u00bb icon_color=\u00bb#ff885a\u00bb icon_placement=\u00bbleft\u00bb use_icon_font_size=\u00bbon\u00bb icon_font_size=\u00bb20px\u00bb _builder_version=\u00bb3.19.15&#8243; header_font=\u00bb|300|||||||\u00bb header_font_size=\u00bb14px\u00bb][\/et_pb_blurb][et_pb_blurb title=\u00bbDrivers\u00bb use_icon=\u00bbon\u00bb font_icon=\u00bb%%142%%\u00bb icon_color=\u00bb#ff885a\u00bb icon_placement=\u00bbleft\u00bb use_icon_font_size=\u00bbon\u00bb icon_font_size=\u00bb20px\u00bb _builder_version=\u00bb3.19.15&#8243; header_font=\u00bb|300|||||||\u00bb header_font_size=\u00bb14px\u00bb link_option_url=\u00bbhttps:\/\/eocinformatica.com\/wp-content\/uploads\/2019\/04\/IMPRESORES_DRIVER_KYO.zip\u00bb][\/et_pb_blurb][\/et_pb_column][\/et_pb_row][et_pb_row make_fullwidth=\u00bbon\u00bb custom_padding=\u00bb27px|0px|0|0px|false|false\u00bb _builder_version=\u00bb3.19.15&#8243;][et_pb_column type=\u00bb1_5&#8243; _builder_version=\u00bb3.0.47&#8243;][\/et_pb_column][et_pb_column type=\u00bb3_5&#8243; _builder_version=\u00bb3.0.47&#8243;][et_pb_text _builder_version=\u00bb3.19.15&#8243;]<\/p>\n<p style=\"text-align: center;\">Este dispositivo A4 a color est\u00e1 dise\u00f1ado espec\u00edficamente para grupos de trabajo de tama\u00f1o mediano y grande. Ofrece todo lo necesario: fiabilidad, velocidad y bajos costes de funcionamiento.<\/p>\n<p>[\/et_pb_text][et_pb_text _builder_version=\u00bb3.19.15&#8243; text_font=\u00bb||||||||\u00bb text_line_height=\u00bb2em\u00bb header_2_font=\u00bbPoppins|600|||||||\u00bb header_2_font_size=\u00bb40px\u00bb header_2_font_size_tablet=\u00bb26px\u00bb header_2_font_size_phone=\u00bb20px\u00bb header_2_font_size_last_edited=\u00bbon|phone\u00bb header_2_line_height=\u00bb1.4em\u00bb header_3_font=\u00bbPoppins|600||on|||||\u00bb header_3_text_color=\u00bb#ff885a\u00bb header_3_font_size=\u00bb13px\u00bb header_3_letter_spacing=\u00bb2px\u00bb header_3_line_height=\u00bb1.8em\u00bb text_orientation=\u00bbcenter\u00bb max_width=\u00bb700px\u00bb module_alignment=\u00bbcenter\u00bb locked=\u00bboff\u00bb]<\/p>\n<h3 style=\"text-align: center;\">caracter\u00edsticas<\/h3>\n<p>[\/et_pb_text][et_pb_text _builder_version=\u00bb3.19.15&#8243;]<\/p>\n<p style=\"text-align: center;\">Impresi\u00f3n a doble cara de serie.<\/p>\n<p style=\"text-align: center;\">Componentes de larga duraci\u00f3n que ofrecen una alta fiabilidad y eficiencia.<\/p>\n<p style=\"text-align: center;\">Funcionalidad Wi-Fi Direct para una f\u00e1cil conexi\u00f3n con el usuario (opcional).<\/p>\n<p style=\"text-align: center;\">Dise\u00f1o compacto con total funcionalidad.<\/p>\n<p style=\"text-align: center;\">Bajos costes de impresi\u00f3n y alta productividad.<\/p>\n<p>[\/et_pb_text][\/et_pb_column][et_pb_column type=\u00bb1_5&#8243; _builder_version=\u00bb3.0.47&#8243;][et_pb_text _builder_version=\u00bb3.19.15&#8243; text_font=\u00bb||||||||\u00bb text_line_height=\u00bb2em\u00bb header_2_font=\u00bbPoppins|600|||||||\u00bb header_2_font_size=\u00bb40px\u00bb header_2_font_size_tablet=\u00bb26px\u00bb header_2_font_size_phone=\u00bb20px\u00bb header_2_font_size_last_edited=\u00bbon|phone\u00bb header_2_line_height=\u00bb1.4em\u00bb header_3_font=\u00bbPoppins|600||on|||||\u00bb header_3_text_color=\u00bb#ff885a\u00bb header_3_font_size=\u00bb13px\u00bb header_3_letter_spacing=\u00bb2px\u00bb header_3_line_height=\u00bb1.8em\u00bb text_orientation=\u00bbcenter\u00bb max_width=\u00bb700px\u00bb module_alignment=\u00bbcenter\u00bb locked=\u00bboff\u00bb]<\/p>\n<h3 style=\"text-align: center;\">galer\u00eda<\/h3>\n<p>[\/et_pb_text][et_pb_gallery gallery_ids=\u00bb492,493,494&#8243; fullwidth=\u00bbon\u00bb _builder_version=\u00bb3.19.15&#8243; custom_margin=\u00bb-15%||\u00bb][\/et_pb_gallery][\/et_pb_column][\/et_pb_row][et_pb_row _builder_version=\u00bb3.19.15&#8243;][et_pb_column type=\u00bb4_4&#8243; _builder_version=\u00bb3.0.47&#8243;][et_pb_button button_url=\u00bbhttps:\/\/eocinformatica.com\/contacte\/?your-inter=Ecosys%20P5026cdn\u00bb button_text=\u00bbSOLICITAR INFORMACI\u00d3N\u00bb button_alignment=\u00bbcenter\u00bb _builder_version=\u00bb3.19.15&#8243; custom_button=\u00bbon\u00bb button_text_size=\u00bb12px\u00bb button_text_color=\u00bb#000000&#8243; button_border_width=\u00bb1px\u00bb button_font=\u00bb||||||||\u00bb custom_margin=\u00bb||\u00bb][\/et_pb_button][\/et_pb_column][\/et_pb_row][\/et_pb_section]<\/p>\n","protected":false},"excerpt":{"rendered":"<p>impresoras ECOSYS P7240cdnDESCARGAS Este dispositivo A4 a color est\u00e1 dise\u00f1ado espec\u00edficamente para grupos de trabajo de tama\u00f1o mediano y grande. Ofrece todo lo necesario: fiabilidad, velocidad y bajos costes de funcionamiento. caracter\u00edsticasImpresi\u00f3n a doble cara de serie. Componentes de larga duraci\u00f3n que ofrecen una alta fiabilidad y eficiencia. Funcionalidad Wi-Fi Direct para una f\u00e1cil conexi\u00f3n [&hellip;]<\/p>\n","protected":false},"author":1,"featured_media":0,"parent":0,"menu_order":0,"comment_status":"closed","ping_status":"closed","template":"","meta":{"_et_pb_use_builder":"on","_et_pb_old_content":"","_et_gb_content_width":"","footnotes":""},"class_list":["post-1089","page","type-page","status-publish","hentry"],"_links":{"self":[{"href":"https:\/\/eocinformatica.com\/es\/wp-json\/wp\/v2\/pages\/1089","targetHints":{"allow":["GET"]}}],"collection":[{"href":"https:\/\/eocinformatica.com\/es\/wp-json\/wp\/v2\/pages"}],"about":[{"href":"https:\/\/eocinformatica.com\/es\/wp-json\/wp\/v2\/types\/page"}],"author":[{"embeddable":true,"href":"https:\/\/eocinformatica.com\/es\/wp-json\/wp\/v2\/users\/1"}],"replies":[{"embeddable":true,"href":"https:\/\/eocinformatica.com\/es\/wp-json\/wp\/v2\/comments?post=1089"}],"version-history":[{"count":6,"href":"https:\/\/eocinformatica.com\/es\/wp-json\/wp\/v2\/pages\/1089\/revisions"}],"predecessor-version":[{"id":1620,"href":"https:\/\/eocinformatica.com\/es\/wp-json\/wp\/v2\/pages\/1089\/revisions\/1620"}],"wp:attachment":[{"href":"https:\/\/eocinformatica.com\/es\/wp-json\/wp\/v2\/media?parent=1089"}],"curies":[{"name":"wp","href":"https:\/\/api.w.org\/{rel}","templated":true}]}}