{"id":1083,"date":"2019-04-03T11:51:52","date_gmt":"2019-04-03T09:51:52","guid":{"rendered":"http:\/\/eocsl.com\/?page_id=1083"},"modified":"2022-02-16T10:29:38","modified_gmt":"2022-02-16T09:29:38","slug":"ecosys-m6230cidn","status":"publish","type":"page","link":"https:\/\/eocinformatica.com\/es\/ecosys-m6230cidn\/","title":{"rendered":"Ecosys M6230cidn"},"content":{"rendered":"<p>[et_pb_section fb_built=\u00bb1&#8243; _builder_version=\u00bb3.19.15&#8243;][et_pb_row _builder_version=\u00bb3.17.6&#8243; locked=\u00bboff\u00bb][et_pb_column type=\u00bb4_4&#8243; _builder_version=\u00bb3.0.47&#8243;][et_pb_text _builder_version=\u00bb3.19.15&#8243; text_font=\u00bb||||||||\u00bb text_line_height=\u00bb2em\u00bb header_2_font=\u00bbPoppins|600|||||||\u00bb header_2_font_size=\u00bb40px\u00bb header_2_font_size_tablet=\u00bb26px\u00bb header_2_font_size_phone=\u00bb20px\u00bb header_2_font_size_last_edited=\u00bbon|phone\u00bb header_2_line_height=\u00bb1.4em\u00bb header_3_font=\u00bbPoppins|600||on|||||\u00bb header_3_text_color=\u00bb#ff885a\u00bb header_3_font_size=\u00bb13px\u00bb header_3_letter_spacing=\u00bb2px\u00bb header_3_line_height=\u00bb1.8em\u00bb text_orientation=\u00bbcenter\u00bb max_width=\u00bb700px\u00bb module_alignment=\u00bbcenter\u00bb locked=\u00bboff\u00bb]<\/p>\n<h3>multifunciones<\/h3>\n<h2>TASKalfa 358ci<\/h2>\n<p>[\/et_pb_text][\/et_pb_column][\/et_pb_row][et_pb_row make_fullwidth=\u00bbon\u00bb custom_padding=\u00bb27px|0px|0|0px|false|false\u00bb background_color_3=\u00bbrgba(0,0,0,0.09)\u00bb padding_top_3=\u00bb1%\u00bb padding_right_3=\u00bb1%\u00bb padding_bottom_3=\u00bb1%\u00bb padding_left_3=\u00bb1%\u00bb _builder_version=\u00bb3.19.15&#8243; locked=\u00bboff\u00bb][et_pb_column type=\u00bb1_5&#8243; _builder_version=\u00bb3.0.47&#8243;][et_pb_image src=\u00bbhttps:\/\/eocinformatica.com\/wp-content\/uploads\/2019\/04\/Captura.jpg\u00bb _builder_version=\u00bb3.19.15&#8243;][\/et_pb_image][\/et_pb_column][et_pb_column type=\u00bb3_5&#8243; _builder_version=\u00bb3.0.47&#8243;][et_pb_image src=\u00bbhttps:\/\/eocinformatica.com\/wp-content\/uploads\/2022\/02\/88.png\u00bb align=\u00bbcenter\u00bb _builder_version=\u00bb3.19.15&#8243; max_width=\u00bb60%\u00bb][\/et_pb_image][\/et_pb_column][et_pb_column type=\u00bb1_5&#8243; _builder_version=\u00bb3.0.47&#8243;][et_pb_text _builder_version=\u00bb3.19.15&#8243; header_font=\u00bb|300|||||||\u00bb header_2_font=\u00bb|300|||||||\u00bb]<\/p>\n<h2 style=\"text-align: center;\">DESCARGAS<\/h2>\n<p>[\/et_pb_text][et_pb_blurb title=\u00bbTASKalfa 358ci Cat\u00e1logo\u00bb url=\u00bbhttps:\/\/eocinformatica.com\/wp-content\/uploads\/2019\/04\/ECOSYS_M6230cidn_datasheet-1.pdf\u00bb url_new_window=\u00bbon\u00bb use_icon=\u00bbon\u00bb font_icon=\u00bb%%98%%\u00bb icon_color=\u00bb#ff885a\u00bb icon_placement=\u00bbleft\u00bb use_icon_font_size=\u00bbon\u00bb icon_font_size=\u00bb20px\u00bb _builder_version=\u00bb3.19.15&#8243; header_font=\u00bb|300|||||||\u00bb header_font_size=\u00bb14px\u00bb][\/et_pb_blurb][et_pb_blurb title=\u00bbDrivers\u00bb url=\u00bbhttps:\/\/eocinformatica.com\/wp-content\/uploads\/2019\/04\/MULTIFUNCIO_DRIVER_KYO.zip\u00bb use_icon=\u00bbon\u00bb font_icon=\u00bb%%142%%\u00bb icon_color=\u00bb#ff885a\u00bb icon_placement=\u00bbleft\u00bb use_icon_font_size=\u00bbon\u00bb icon_font_size=\u00bb20px\u00bb _builder_version=\u00bb3.19.15&#8243; header_font=\u00bb|300|||||||\u00bb header_font_size=\u00bb14px\u00bb][\/et_pb_blurb][\/et_pb_column][\/et_pb_row][et_pb_row make_fullwidth=\u00bbon\u00bb custom_padding=\u00bb27px|0px|0|0px|false|false\u00bb _builder_version=\u00bb3.19.15&#8243;][et_pb_column type=\u00bb1_5&#8243; _builder_version=\u00bb3.0.47&#8243;][\/et_pb_column][et_pb_column type=\u00bb3_5&#8243; _builder_version=\u00bb3.0.47&#8243;][et_pb_text _builder_version=\u00bb3.19.15&#8243;]<\/p>\n<p style=\"text-align: center;\">La nueva TASKalfa 358ci es una potente multifuncional A4 color, perfecta para peque\u00f1os y medianos grupos de trabajo que requieran fiabilidad y acabados flexibles. Ofrece todas las funcionalidades que esperar\u00edas de una MFP sofisticada, pantalla t\u00e1ctil de 7 pulgadas f\u00e1cilmente accesible, seguridad avanzada con \u201carranque seguro\u201d, TPM y Data Security Kit de serie.<\/p>\n<p>[\/et_pb_text][et_pb_text _builder_version=\u00bb3.19.15&#8243; text_font=\u00bb||||||||\u00bb text_line_height=\u00bb2em\u00bb header_2_font=\u00bbPoppins|600|||||||\u00bb header_2_font_size=\u00bb40px\u00bb header_2_font_size_tablet=\u00bb26px\u00bb header_2_font_size_phone=\u00bb20px\u00bb header_2_font_size_last_edited=\u00bbon|phone\u00bb header_2_line_height=\u00bb1.4em\u00bb header_3_font=\u00bbPoppins|600||on|||||\u00bb header_3_text_color=\u00bb#ff885a\u00bb header_3_font_size=\u00bb13px\u00bb header_3_letter_spacing=\u00bb2px\u00bb header_3_line_height=\u00bb1.8em\u00bb text_orientation=\u00bbcenter\u00bb max_width=\u00bb700px\u00bb module_alignment=\u00bbcenter\u00bb locked=\u00bboff\u00bb]<\/p>\n<h3 style=\"text-align: center;\">caracter\u00edsticas<\/h3>\n<p>[\/et_pb_text][et_pb_text _builder_version=\u00bb3.19.15&#8243;]<\/p>\n<p style=\"text-align: center;\">Alimentador de documentos de una sola pasada con sensor de detecci\u00f3n de m\u00e1s de un documento y grapas.<\/p>\n<p style=\"text-align: center;\">Impresi\u00f3n a color, a doble cara, copia, escanea y fax (opcional).<\/p>\n<p style=\"text-align: center;\">Elevada seguridad incorporada, cifrado de datos, m\u00f3dulo de plataforma y arranque seguros.<\/p>\n<p style=\"text-align: center;\">Opciones de acabados flexibles, incluyendo grapas y perforaciones.<\/p>\n<p>[\/et_pb_text][\/et_pb_column][et_pb_column type=\u00bb1_5&#8243; _builder_version=\u00bb3.0.47&#8243;][et_pb_text _builder_version=\u00bb3.19.15&#8243; text_font=\u00bb||||||||\u00bb text_line_height=\u00bb2em\u00bb header_2_font=\u00bbPoppins|600|||||||\u00bb header_2_font_size=\u00bb40px\u00bb header_2_font_size_tablet=\u00bb26px\u00bb header_2_font_size_phone=\u00bb20px\u00bb header_2_font_size_last_edited=\u00bbon|phone\u00bb header_2_line_height=\u00bb1.4em\u00bb header_3_font=\u00bbPoppins|600||on|||||\u00bb header_3_text_color=\u00bb#ff885a\u00bb header_3_font_size=\u00bb13px\u00bb header_3_letter_spacing=\u00bb2px\u00bb header_3_line_height=\u00bb1.8em\u00bb text_orientation=\u00bbcenter\u00bb max_width=\u00bb700px\u00bb module_alignment=\u00bbcenter\u00bb locked=\u00bboff\u00bb]<\/p>\n<h3 style=\"text-align: center;\">galer\u00eda<\/h3>\n<p>[\/et_pb_text][et_pb_gallery gallery_ids=\u00bb1536&#8243; fullwidth=\u00bbon\u00bb _builder_version=\u00bb3.19.15&#8243; custom_margin=\u00bb-15%||\u00bb][\/et_pb_gallery][\/et_pb_column][\/et_pb_row][et_pb_row _builder_version=\u00bb3.19.15&#8243;][et_pb_column type=\u00bb4_4&#8243; _builder_version=\u00bb3.0.47&#8243;][et_pb_button button_url=\u00bbhttps:\/\/eocinformatica.com\/contacte\/?your-inter=ECOSYS%20M6230cidn\u00bb button_text=\u00bbSOLICITAR INFORMACI\u00d3N \u00bb button_alignment=\u00bbcenter\u00bb _builder_version=\u00bb3.19.15&#8243; custom_button=\u00bbon\u00bb button_text_size=\u00bb12px\u00bb button_text_color=\u00bb#000000&#8243; button_border_width=\u00bb1px\u00bb button_font=\u00bb||||||||\u00bb custom_margin=\u00bb||\u00bb][\/et_pb_button][\/et_pb_column][\/et_pb_row][\/et_pb_section]<\/p>\n","protected":false},"excerpt":{"rendered":"<p>multifunciones TASKalfa 358ciDESCARGASLa nueva TASKalfa 358ci es una potente multifuncional A4 color, perfecta para peque\u00f1os y medianos grupos de trabajo que requieran fiabilidad y acabados flexibles. Ofrece todas las funcionalidades que esperar\u00edas de una MFP sofisticada, pantalla t\u00e1ctil de 7 pulgadas f\u00e1cilmente accesible, seguridad avanzada con \u201carranque seguro\u201d, TPM y Data Security Kit de serie. [&hellip;]<\/p>\n","protected":false},"author":1,"featured_media":0,"parent":0,"menu_order":0,"comment_status":"closed","ping_status":"closed","template":"","meta":{"_et_pb_use_builder":"on","_et_pb_old_content":"","_et_gb_content_width":"","footnotes":""},"class_list":["post-1083","page","type-page","status-publish","hentry"],"_links":{"self":[{"href":"https:\/\/eocinformatica.com\/es\/wp-json\/wp\/v2\/pages\/1083","targetHints":{"allow":["GET"]}}],"collection":[{"href":"https:\/\/eocinformatica.com\/es\/wp-json\/wp\/v2\/pages"}],"about":[{"href":"https:\/\/eocinformatica.com\/es\/wp-json\/wp\/v2\/types\/page"}],"author":[{"embeddable":true,"href":"https:\/\/eocinformatica.com\/es\/wp-json\/wp\/v2\/users\/1"}],"replies":[{"embeddable":true,"href":"https:\/\/eocinformatica.com\/es\/wp-json\/wp\/v2\/comments?post=1083"}],"version-history":[{"count":6,"href":"https:\/\/eocinformatica.com\/es\/wp-json\/wp\/v2\/pages\/1083\/revisions"}],"predecessor-version":[{"id":1579,"href":"https:\/\/eocinformatica.com\/es\/wp-json\/wp\/v2\/pages\/1083\/revisions\/1579"}],"wp:attachment":[{"href":"https:\/\/eocinformatica.com\/es\/wp-json\/wp\/v2\/media?parent=1083"}],"curies":[{"name":"wp","href":"https:\/\/api.w.org\/{rel}","templated":true}]}}