{"id":1062,"date":"2019-04-03T11:47:28","date_gmt":"2019-04-03T09:47:28","guid":{"rendered":"http:\/\/eocsl.com\/?page_id=1062"},"modified":"2025-08-25T11:38:06","modified_gmt":"2025-08-25T09:38:06","slug":"consumibles-toner-y-tinta","status":"publish","type":"page","link":"https:\/\/eocinformatica.com\/es\/consumibles-toner-y-tinta\/","title":{"rendered":"CONSUMIBLES TONER Y TINTA"},"content":{"rendered":"<p>[et_pb_section fb_built=\u00bb1&#8243; admin_label=\u00bbHeader\u00bb _builder_version=\u00bb4.16&#8243; use_background_color_gradient=\u00bbon\u00bb background_color_gradient_type=\u00bbcircular\u00bb background_color_gradient_stops=\u00bb#2130b7 0%|rgba(33,48,183,0) 42%\u00bb background_color_gradient_overlays_image=\u00bbon\u00bb background_color_gradient_start=\u00bb#2130b7&#8243; background_color_gradient_end=\u00bbrgba(33,48,183,0)\u00bb background_color_gradient_end_position=\u00bb42%\u00bb background_image=\u00bbhttps:\/\/eocinformatica.com\/wp-content\/uploads\/2019\/03\/toner-y-cartuchos.png\u00bb background_position=\u00bbbottom_left\u00bb custom_margin=\u00bb||||false\u00bb custom_padding=\u00bb0||0||true|false\u00bb global_colors_info=\u00bb{}\u00bb][et_pb_row custom_padding_last_edited=\u00bbon|tablet\u00bb _builder_version=\u00bb4.16&#8243; max_width=\u00bb80%\u00bb custom_padding=\u00bb141px|0px|141px|0px|true|false\u00bb custom_padding_tablet=\u00bb40px||40px||true\u00bb custom_padding_phone=\u00bb\u00bb use_custom_width=\u00bbon\u00bb width_unit=\u00bboff\u00bb global_colors_info=\u00bb{}\u00bb][et_pb_column type=\u00bb4_4&#8243; _builder_version=\u00bb4.16&#8243; custom_padding=\u00bb|||\u00bb global_colors_info=\u00bb{}\u00bb custom_padding__hover=\u00bb|||\u00bb][et_pb_text _builder_version=\u00bb4.27.4&#8243; text_font=\u00bb||||||||\u00bb header_font=\u00bbPoppins|600|||||||\u00bb header_font_size=\u00bb84.2px\u00bb header_line_height=\u00bb1.5em\u00bb text_orientation=\u00bbcenter\u00bb background_layout=\u00bbdark\u00bb max_width=\u00bb55%\u00bb max_width_tablet=\u00bb\u00bb max_width_phone=\u00bb\u00bb max_width_last_edited=\u00bbon|desktop\u00bb module_alignment=\u00bbcenter\u00bb custom_margin=\u00bb||20px\u00bb animation_style=\u00bbfade\u00bb header_font_size_tablet=\u00bb38px\u00bb header_font_size_phone=\u00bb28px\u00bb header_font_size_last_edited=\u00bbon|phone\u00bb header_text_shadow_style=\u00bbpreset3&#8243; header_text_shadow_vertical_length=\u00bb0.3em\u00bb header_text_shadow_blur_strength=\u00bb1.4em\u00bb header_text_shadow_color=\u00bbrgba(0,0,0,0.24)\u00bb global_colors_info=\u00bb{}\u00bb header_3_font_size__hover=\u00bb22px\u00bb header_3_font_size__hover_enabled=\u00bb22px\u00bb header_3_letter_spacing__hover=\u00bb0px\u00bb header_3_letter_spacing__hover_enabled=\u00bb0px\u00bb header_3_line_height__hover=\u00bb1em\u00bb header_3_line_height__hover_enabled=\u00bb1em\u00bb header_3_text_shadow_style__hover=\u00bbnone\u00bb header_3_text_shadow_style__hover_enabled=\u00bbnone\u00bb header_3_text_shadow_color__hover=\u00bbrgba(0,0,0,0.4)\u00bb header_3_text_shadow_color__hover_enabled=\u00bbrgba(0,0,0,0.4)\u00bb]<\/p>\n<h1>EOC INFORM\u00c1TICA<\/h1>\n<p>[\/et_pb_text][et_pb_text _builder_version=\u00bb4.27.4&#8243; text_font=\u00bb|300|||||||\u00bb text_text_color=\u00bb#ffffff\u00bb text_font_size=\u00bb16px\u00bb text_letter_spacing=\u00bb6px\u00bb text_orientation=\u00bbcenter\u00bb hover_enabled=\u00bb0&#8243; text_text_shadow_style=\u00bbpreset1&#8243; global_colors_info=\u00bb{}\u00bb sticky_enabled=\u00bb0&#8243;]<\/p>\n<p>CONSUMIBLES T\u00d3NER Y TINTA<\/p>\n<p>[\/et_pb_text][et_pb_text _builder_version=\u00bb4.16&#8243; text_font=\u00bb||||||||\u00bb text_font_size=\u00bb16px\u00bb text_line_height=\u00bb2em\u00bb text_orientation=\u00bbcenter\u00bb background_layout=\u00bbdark\u00bb max_width=\u00bb50%\u00bb max_width_tablet=\u00bb\u00bb max_width_phone=\u00bb\u00bb max_width_last_edited=\u00bbon|tablet\u00bb module_alignment=\u00bbcenter\u00bb custom_margin=\u00bb||60px\u00bb custom_margin_tablet=\u00bb||30px\u00bb custom_margin_phone=\u00bb\u00bb custom_margin_last_edited=\u00bbon|desktop\u00bb text_font_size_tablet=\u00bb\u00bb text_font_size_phone=\u00bb14px\u00bb text_font_size_last_edited=\u00bbon|phone\u00bb global_colors_info=\u00bb{}\u00bb][\/et_pb_text][\/et_pb_column][\/et_pb_row][\/et_pb_section][et_pb_section fb_built=\u00bb1&#8243; _builder_version=\u00bb4.16&#8243; custom_padding=\u00bb84px|0px|0|0px|false|false\u00bb global_colors_info=\u00bb{}\u00bb][et_pb_row column_structure=\u00bb1_2,1_2&#8243; module_class=\u00bb et_pb_row_fullwidth\u00bb _builder_version=\u00bb4.16&#8243; width=\u00bb89%\u00bb width_tablet=\u00bb80%\u00bb width_phone=\u00bb80%\u00bb width_last_edited=\u00bbon|desktop\u00bb max_width=\u00bb89%\u00bb max_width_tablet=\u00bb80%\u00bb max_width_phone=\u00bb80%\u00bb max_width_last_edited=\u00bbon|desktop\u00bb custom_padding=\u00bb0|0px|27px|0px|false|false\u00bb make_fullwidth=\u00bbon\u00bb global_colors_info=\u00bb{}\u00bb][et_pb_column type=\u00bb1_2&#8243; _builder_version=\u00bb4.16&#8243; custom_padding=\u00bb|||\u00bb global_colors_info=\u00bb{}\u00bb custom_padding__hover=\u00bb|||\u00bb][et_pb_text _builder_version=\u00bb4.27.4&#8243; text_font=\u00bb||||||||\u00bb text_line_height=\u00bb2em\u00bb header_2_font=\u00bbPoppins|600|||||||\u00bb header_2_font_size=\u00bb40px\u00bb header_2_line_height=\u00bb1.4em\u00bb header_3_font=\u00bbPoppins|600||on|||||\u00bb header_3_text_color=\u00bb#ff885a\u00bb header_3_font_size=\u00bb13px\u00bb header_3_letter_spacing=\u00bb2px\u00bb header_3_line_height=\u00bb1.8em\u00bb max_width=\u00bb700px\u00bb header_2_font_size_tablet=\u00bb26px\u00bb header_2_font_size_phone=\u00bb20px\u00bb header_2_font_size_last_edited=\u00bbon|phone\u00bb global_colors_info=\u00bb{}\u00bb]<\/p>\n<h3>EOC INFORM\u00c1TICA<\/h3>\n<p><\/p>\n<h2>SERVICIO MULTI MARCA<\/h2>\n<p><\/p>\n<p>Tenemos el consumible que necesita, de t\u00f3ner o tinta per la su impresora<\/p>\n<p>[\/et_pb_text][et_pb_contact_form captcha=\u00bboff\u00bb email=\u00bbinfo@eocinformatica.com\u00bb custom_message=\u00bbNombre : %%Name%%||et_pb_line_break_holder||Email : %%Email%%||et_pb_line_break_holder||Marca : %%marca%%||et_pb_line_break_holder||Model : %%Model%%||et_pb_line_break_holder||Missatge : ||et_pb_line_break_holder||%%mis%%\u00bb success_message=\u00bbMensaje Enviado\u00bb submit_button_text=\u00bbENVIAR\u00bb _builder_version=\u00bb4.27.4&#8243; _unique_id=\u00bb8e8f2ae9-3adc-4ecc-b711-5090225fb524&#8243; title_font=\u00bb||||||||\u00bb custom_button=\u00bbon\u00bb button_text_size=\u00bb15px\u00bb button_text_color=\u00bb#000000&#8243; button_border_width=\u00bb1px\u00bb button_font=\u00bb||||||||\u00bb global_colors_info=\u00bb{}\u00bb][et_pb_contact_field field_id=\u00bbName\u00bb field_title=\u00bbNombre\u00bb _builder_version=\u00bb4.16&#8243; global_colors_info=\u00bb{}\u00bb button_text_size__hover_enabled=\u00bboff\u00bb button_one_text_size__hover_enabled=\u00bboff\u00bb button_two_text_size__hover_enabled=\u00bboff\u00bb button_text_color__hover_enabled=\u00bboff\u00bb button_one_text_color__hover_enabled=\u00bboff\u00bb button_two_text_color__hover_enabled=\u00bboff\u00bb button_border_width__hover_enabled=\u00bboff\u00bb button_one_border_width__hover_enabled=\u00bboff\u00bb button_two_border_width__hover_enabled=\u00bboff\u00bb button_border_color__hover_enabled=\u00bboff\u00bb button_one_border_color__hover_enabled=\u00bboff\u00bb button_two_border_color__hover_enabled=\u00bboff\u00bb button_border_radius__hover_enabled=\u00bboff\u00bb button_one_border_radius__hover_enabled=\u00bboff\u00bb button_two_border_radius__hover_enabled=\u00bboff\u00bb button_letter_spacing__hover_enabled=\u00bboff\u00bb button_one_letter_spacing__hover_enabled=\u00bboff\u00bb button_two_letter_spacing__hover_enabled=\u00bboff\u00bb button_bg_color__hover_enabled=\u00bboff\u00bb button_one_bg_color__hover_enabled=\u00bboff\u00bb button_two_bg_color__hover_enabled=\u00bboff\u00bb][\/et_pb_contact_field][et_pb_contact_field field_id=\u00bbEmail\u00bb field_title=\u00bbEmail\u00bb field_type=\u00bbemail\u00bb _builder_version=\u00bb4.27.4&#8243; global_colors_info=\u00bb{}\u00bb button_text_size__hover_enabled=\u00bboff\u00bb button_one_text_size__hover_enabled=\u00bboff\u00bb button_two_text_size__hover_enabled=\u00bboff\u00bb button_text_color__hover_enabled=\u00bboff\u00bb button_one_text_color__hover_enabled=\u00bboff\u00bb button_two_text_color__hover_enabled=\u00bboff\u00bb button_border_width__hover_enabled=\u00bboff\u00bb button_one_border_width__hover_enabled=\u00bboff\u00bb button_two_border_width__hover_enabled=\u00bboff\u00bb button_border_color__hover_enabled=\u00bboff\u00bb button_one_border_color__hover_enabled=\u00bboff\u00bb button_two_border_color__hover_enabled=\u00bboff\u00bb button_border_radius__hover_enabled=\u00bboff\u00bb button_one_border_radius__hover_enabled=\u00bboff\u00bb button_two_border_radius__hover_enabled=\u00bboff\u00bb button_letter_spacing__hover_enabled=\u00bboff\u00bb button_one_letter_spacing__hover_enabled=\u00bboff\u00bb button_two_letter_spacing__hover_enabled=\u00bboff\u00bb button_bg_color__hover_enabled=\u00bboff\u00bb button_one_bg_color__hover_enabled=\u00bboff\u00bb button_two_bg_color__hover_enabled=\u00bboff\u00bb][\/et_pb_contact_field][et_pb_contact_field field_id=\u00bbmarca\u00bb field_title=\u00bbMarca\u00bb field_type=\u00bbselect\u00bb select_options=\u00bb%91{%22value%22:%22HP%22,%22checked%22:0,%22dragID%22:-1},{%22dragID%22:0,%22value%22:%22EPSON%22,%22checked%22:0},{%22dragID%22:1,%22value%22:%22BROTHER%22,%22checked%22:0},{%22dragID%22:2,%22value%22:%22XEROX%22,%22checked%22:0},{%22dragID%22:3,%22value%22:%22LEXMARK%22,%22checked%22:0},{%22dragID%22:4,%22value%22:%22KYOCERA%22,%22checked%22:0},{%22dragID%22:5,%22value%22:%22OKI%22,%22checked%22:0},{%22dragID%22:6,%22value%22:%22CANON%22,%22checked%22:0},{%22dragID%22:7,%22value%22:%22KONICA%22,%22checked%22:0},{%22value%22:%22RICOH%22,%22checked%22:0,%22dragID%22:9},{%22dragID%22:8,%22value%22:%22OTROS%22,%22checked%22:0}%93&#8243; fullwidth_field=\u00bbon\u00bb _builder_version=\u00bb4.16&#8243; global_colors_info=\u00bb{}\u00bb][\/et_pb_contact_field][et_pb_contact_field field_id=\u00bbModel\u00bb field_title=\u00bbModelo\u00bb fullwidth_field=\u00bbon\u00bb _builder_version=\u00bb4.16&#8243; global_colors_info=\u00bb{}\u00bb][\/et_pb_contact_field][et_pb_contact_field field_id=\u00bbmis\u00bb field_title=\u00bbMensaje\u00bb field_type=\u00bbtext\u00bb fullwidth_field=\u00bbon\u00bb _builder_version=\u00bb4.16&#8243; global_colors_info=\u00bb{}\u00bb][\/et_pb_contact_field][\/et_pb_contact_form][\/et_pb_column][et_pb_column type=\u00bb1_2&#8243; _builder_version=\u00bb4.16&#8243; custom_padding=\u00bb|||\u00bb global_colors_info=\u00bb{}\u00bb custom_padding__hover=\u00bb|||\u00bb][et_pb_image src=\u00bbhttps:\/\/eocinformatica.com\/wp-content\/uploads\/2019\/04\/logos-todos.jpg\u00bb align_tablet=\u00bbcenter\u00bb align_phone=\u00bbcenter\u00bb align_last_edited=\u00bbon|desktop\u00bb _builder_version=\u00bb4.16&#8243; global_colors_info=\u00bb{}\u00bb][\/et_pb_image][\/et_pb_column][\/et_pb_row][\/et_pb_section]<\/p>\n","protected":false},"excerpt":{"rendered":"<p>EOC INFORM\u00c1TICACONSUMIBLES T\u00d3NER Y TINTAEOC INFORM\u00c1TICASERVICIO MULTI MARCATenemos el consumible que necesita, de t\u00f3ner o tinta per la su impresora<\/p>\n","protected":false},"author":1,"featured_media":0,"parent":0,"menu_order":0,"comment_status":"closed","ping_status":"closed","template":"","meta":{"_et_pb_use_builder":"on","_et_pb_old_content":"","_et_gb_content_width":"","footnotes":""},"class_list":["post-1062","page","type-page","status-publish","hentry"],"_links":{"self":[{"href":"https:\/\/eocinformatica.com\/es\/wp-json\/wp\/v2\/pages\/1062","targetHints":{"allow":["GET"]}}],"collection":[{"href":"https:\/\/eocinformatica.com\/es\/wp-json\/wp\/v2\/pages"}],"about":[{"href":"https:\/\/eocinformatica.com\/es\/wp-json\/wp\/v2\/types\/page"}],"author":[{"embeddable":true,"href":"https:\/\/eocinformatica.com\/es\/wp-json\/wp\/v2\/users\/1"}],"replies":[{"embeddable":true,"href":"https:\/\/eocinformatica.com\/es\/wp-json\/wp\/v2\/comments?post=1062"}],"version-history":[{"count":7,"href":"https:\/\/eocinformatica.com\/es\/wp-json\/wp\/v2\/pages\/1062\/revisions"}],"predecessor-version":[{"id":26038,"href":"https:\/\/eocinformatica.com\/es\/wp-json\/wp\/v2\/pages\/1062\/revisions\/26038"}],"wp:attachment":[{"href":"https:\/\/eocinformatica.com\/es\/wp-json\/wp\/v2\/media?parent=1062"}],"curies":[{"name":"wp","href":"https:\/\/api.w.org\/{rel}","templated":true}]}}