{"id":1034,"date":"2019-04-03T11:29:10","date_gmt":"2019-04-03T09:29:10","guid":{"rendered":"http:\/\/eocsl.com\/?page_id=1034"},"modified":"2025-08-25T12:17:28","modified_gmt":"2025-08-25T10:17:28","slug":"estudios-de-costes-de-impresion","status":"publish","type":"page","link":"https:\/\/eocinformatica.com\/es\/servicios-profesionales\/estudios-de-costes-de-impresion\/","title":{"rendered":"ESTUDIOS DE COSTES DE IMPRESI\u00d3N"},"content":{"rendered":"<p>[et_pb_section fb_built=\u00bb1&#8243; admin_label=\u00bbHeader\u00bb _builder_version=\u00bb4.16&#8243; background_color=\u00bb#2130b7&#8243; use_background_color_gradient=\u00bbon\u00bb background_color_gradient_type=\u00bbcircular\u00bb background_color_gradient_stops=\u00bb#2130b7 0%|rgba(33,48,183,0) 48%\u00bb background_color_gradient_overlays_image=\u00bbon\u00bb background_color_gradient_start=\u00bb#2130b7&#8243; background_color_gradient_end=\u00bbrgba(33,48,183,0)\u00bb background_color_gradient_end_position=\u00bb48%\u00bb background_image=\u00bbhttps:\/\/eocinformatica.com\/wp-content\/uploads\/2019\/03\/photo-1535209039648-9524289505fd.jpg\u00bb custom_margin=\u00bb||||false\u00bb custom_padding=\u00bb0||0||true|false\u00bb global_colors_info=\u00bb{}\u00bb][et_pb_row custom_padding_last_edited=\u00bbon|tablet\u00bb _builder_version=\u00bb4.16&#8243; max_width=\u00bb80%\u00bb custom_padding=\u00bb141px|0px|141px|0px|true|false\u00bb custom_padding_tablet=\u00bb40px||40px||true\u00bb custom_padding_phone=\u00bb\u00bb use_custom_width=\u00bbon\u00bb width_unit=\u00bboff\u00bb global_colors_info=\u00bb{}\u00bb][et_pb_column type=\u00bb4_4&#8243; _builder_version=\u00bb4.16&#8243; custom_padding=\u00bb|||\u00bb global_colors_info=\u00bb{}\u00bb custom_padding__hover=\u00bb|||\u00bb][et_pb_text _builder_version=\u00bb4.16&#8243; text_font=\u00bb||||||||\u00bb header_font=\u00bbPoppins|600|||||||\u00bb header_font_size=\u00bb84.2px\u00bb header_line_height=\u00bb1.5em\u00bb text_orientation=\u00bbcenter\u00bb background_layout=\u00bbdark\u00bb max_width=\u00bb55%\u00bb max_width_tablet=\u00bb\u00bb max_width_phone=\u00bb\u00bb max_width_last_edited=\u00bbon|desktop\u00bb module_alignment=\u00bbcenter\u00bb custom_margin=\u00bb||20px\u00bb animation_style=\u00bbfade\u00bb header_font_size_tablet=\u00bb38px\u00bb header_font_size_phone=\u00bb28px\u00bb header_font_size_last_edited=\u00bbon|phone\u00bb header_text_shadow_style=\u00bbpreset3&#8243; header_text_shadow_vertical_length=\u00bb0.3em\u00bb header_text_shadow_blur_strength=\u00bb1.4em\u00bb header_text_shadow_color=\u00bbrgba(0,0,0,0.24)\u00bb global_colors_info=\u00bb{}\u00bb header_3_font_size__hover=\u00bb22px\u00bb header_3_font_size__hover_enabled=\u00bb22px\u00bb header_3_letter_spacing__hover=\u00bb0px\u00bb header_3_letter_spacing__hover_enabled=\u00bb0px\u00bb header_3_line_height__hover=\u00bb1em\u00bb header_3_line_height__hover_enabled=\u00bb1em\u00bb header_3_text_shadow_style__hover=\u00bbnone\u00bb header_3_text_shadow_style__hover_enabled=\u00bbnone\u00bb header_3_text_shadow_color__hover=\u00bbrgba(0,0,0,0.4)\u00bb header_3_text_shadow_color__hover_enabled=\u00bbrgba(0,0,0,0.4)\u00bb]<\/p>\n<h1>EOC INFORM\u00c1TICA<\/h1>\n<p>[\/et_pb_text][et_pb_text _builder_version=\u00bb4.16&#8243; text_font=\u00bb|300|||||||\u00bb text_text_color=\u00bb#ffffff\u00bb text_font_size=\u00bb16px\u00bb text_letter_spacing=\u00bb6px\u00bb text_orientation=\u00bbcenter\u00bb text_text_shadow_style=\u00bbpreset1&#8243; global_colors_info=\u00bb{}\u00bb]<\/p>\n<p>SERVICIOS PROFESIONALES<\/p>\n<p>\n[\/et_pb_text][et_pb_text _builder_version=\u00bb4.16&#8243; text_font=\u00bb||||||||\u00bb text_font_size=\u00bb16px\u00bb text_line_height=\u00bb2em\u00bb text_orientation=\u00bbcenter\u00bb background_layout=\u00bbdark\u00bb max_width=\u00bb50%\u00bb max_width_tablet=\u00bb\u00bb max_width_phone=\u00bb\u00bb max_width_last_edited=\u00bbon|tablet\u00bb module_alignment=\u00bbcenter\u00bb custom_margin=\u00bb||60px\u00bb custom_margin_tablet=\u00bb||30px\u00bb custom_margin_phone=\u00bb\u00bb custom_margin_last_edited=\u00bbon|desktop\u00bb text_font_size_tablet=\u00bb\u00bb text_font_size_phone=\u00bb14px\u00bb text_font_size_last_edited=\u00bbon|phone\u00bb global_colors_info=\u00bb{}\u00bb][\/et_pb_text][\/et_pb_column][\/et_pb_row][\/et_pb_section][et_pb_section fb_built=\u00bb1&#8243; _builder_version=\u00bb4.16&#8243; background_color=\u00bbrgba(0,0,0,0.08)\u00bb custom_padding=\u00bb0|0px|1px|0px|false|false\u00bb global_colors_info=\u00bb{}\u00bb][et_pb_row _builder_version=\u00bb4.16&#8243; global_colors_info=\u00bb{}\u00bb][et_pb_column type=\u00bb4_4&#8243; _builder_version=\u00bb4.16&#8243; custom_padding=\u00bb|||\u00bb global_colors_info=\u00bb{}\u00bb custom_padding__hover=\u00bb|||\u00bb][et_pb_text _builder_version=\u00bb4.16&#8243; header_font=\u00bb||||||||\u00bb header_2_font=\u00bb|300|||||||\u00bb header_2_text_align=\u00bbcenter\u00bb header_2_text_color=\u00bb#000000&#8243; global_colors_info=\u00bb{}\u00bb]<\/p>\n<h2>OFRECEMOS UN <strong>ESTUDIO GRATUITO Y PERSONALIZADO<\/strong> DE SU ENTORNO DE IMPRESI\u00d3N<\/h2>\n<p>[\/et_pb_text][\/et_pb_column][\/et_pb_row][\/et_pb_section][et_pb_section fb_built=\u00bb1&#8243; _builder_version=\u00bb4.16&#8243; custom_padding=\u00bb54px|0px|0|0px|false|false\u00bb global_colors_info=\u00bb{}\u00bb][et_pb_row module_class=\u00bb et_pb_row_fullwidth\u00bb _builder_version=\u00bb4.16&#8243; width=\u00bb89%\u00bb width_tablet=\u00bb80%\u00bb width_last_edited=\u00bbon|desktop\u00bb max_width=\u00bb89%\u00bb max_width_tablet=\u00bb80%\u00bb max_width_last_edited=\u00bbon|desktop\u00bb custom_padding=\u00bb0|0px|67px|0px|false|false\u00bb make_fullwidth=\u00bbon\u00bb global_colors_info=\u00bb{}\u00bb width_phone=\u00bb80%\u00bb max_width_phone=\u00bb80%\u00bb][et_pb_column type=\u00bb4_4&#8243; _builder_version=\u00bb4.16&#8243; custom_padding=\u00bb|||\u00bb global_colors_info=\u00bb{}\u00bb custom_padding__hover=\u00bb|||\u00bb][et_pb_text _builder_version=\u00bb4.16&#8243; hover_enabled=\u00bb0&#8243; global_colors_info=\u00bb{}\u00bb sticky_enabled=\u00bb0&#8243;]<\/p>\n<p style=\"text-align: justify;\">Dentro de la empresa y las pymes es costumbre vigilar los grandes costes que afectan a la estructura de la misma, pero existen otros gastos considerados como rutinarios o menores a los que no se les presta la atenci\u00f3n adecuada. Una de ellas son los usos que se hacen de las impresoras multifunci\u00f3n existentes en los despachos. Dedicamos tiempo a establecer costes e impresi\u00f3n cuando contratamos el renting de la impresora, pero despu\u00e9s no nos centramos en el punto de que quiz\u00e1 sea m\u00e1s cr\u00edtico como cuando se utiliza la fotocopiadora y si realmente se puede racionalizar su uso. \u00bfConviene auditar los h\u00e1bitos de utilizaci\u00f3n del equipo multifunci\u00f3n para optimizar los costes?<\/p>\n<p>[\/et_pb_text][\/et_pb_column][\/et_pb_row][et_pb_row module_class=\u00bb et_pb_row_fullwidth\u00bb _builder_version=\u00bb4.16&#8243; width=\u00bb89%\u00bb width_tablet=\u00bb80%\u00bb width_last_edited=\u00bbon|desktop\u00bb max_width=\u00bb89%\u00bb max_width_tablet=\u00bb80%\u00bb max_width_last_edited=\u00bbon|desktop\u00bb custom_padding=\u00bb0|0px|22px|0px|false|false\u00bb make_fullwidth=\u00bbon\u00bb global_colors_info=\u00bb{}\u00bb width_phone=\u00bb80%\u00bb max_width_phone=\u00bb80%\u00bb][et_pb_column type=\u00bb4_4&#8243; _builder_version=\u00bb4.16&#8243; custom_padding=\u00bb|||\u00bb global_colors_info=\u00bb{}\u00bb custom_padding__hover=\u00bb|||\u00bb][et_pb_text _builder_version=\u00bb4.16&#8243; header_font=\u00bb||||||||\u00bb header_2_font=\u00bbPoppins|600|||||||\u00bb header_2_text_color=\u00bb#000000&#8243; header_2_font_size=\u00bb42px\u00bb global_colors_info=\u00bb{}\u00bb]<\/p>\n<h2 style=\"text-align: center;\">Auditor\u00eda en costes de impresi\u00f3n: ventajas y beneficios<\/h2>\n<p>[\/et_pb_text][et_pb_text _builder_version=\u00bb4.27.4&#8243; hover_enabled=\u00bb0&#8243; global_colors_info=\u00bb{}\u00bb sticky_enabled=\u00bb0&#8243;]<\/p>\n<p style=\"text-align: justify;\">Una auditor\u00eda de impresi\u00f3n te ayudar\u00e1 a averiguar:<\/p>\n<p><\/p>\n<p style=\"text-align: justify;\"><strong>Qui\u00e9n y cu\u00e1ndo imprime.<\/strong> No se trata de una herramienta de control, sino de tener la informaci\u00f3n necesaria para identificar qu\u00e9 departamentos son los que hacen un uso m\u00e1s intensivo de las impresoras, qu\u00e9 tipolog\u00eda de documentos realizan, con qu\u00e9 frecuencia\u2026 para ofrecer la mejor soluci\u00f3n para ellos. Igual hemos provisto de una impresora de color en un equipo, cuando a ellos les viene mejor una impresora mucho m\u00e1s r\u00e1pida y en blanco y negro dado que s\u00f3lo imprimen documentos para uso interno y no para cliente y el color no es un factor determinante. Lo mismo, si lo aplicamos a departamentos que imprimir documentos de mucho volumen, donde prima que el mantenimiento de la m\u00e1quina sea \u00f3ptimo para que no se produzcan atascos ni aver\u00edas en las bandejas que obliguen a reimprimir todo el documento y con ello se est\u00e9n desperdiciando recursos innecesariamente. \u00bfCu\u00e1nto cuesta imprimir? Salvo el departamento que recibe la factura, casi nunca nadie sabe el coste exacto del que vale imprimir en la oficina. Informar a todos los miembros ayudar\u00e1 a que sean m\u00e1s responsables a la hora de solicitar documentos en la impresora de la oficina.<\/p>\n<p><\/p>\n<p style=\"text-align: justify;\"><strong>Opciones para optimizar el n\u00famero de impresiones.<\/strong> La auditor\u00eda debe incluir recomendaciones de uso para hacer uso de las funcionalidades que ayuden a bajar el coste unitario de cada copia. Ya no s\u00f3lo de tinta, sino de papel, por ejemplo.<\/p>\n<p><\/p>\n<p style=\"text-align: justify;\"><strong>Los beneficios de la gesti\u00f3n documental.<\/strong> Educar en las ventajas en ahorro de tiempo y mejora del trabajo en equipo con las soluciones en gesti\u00f3n de carpetas y documentos del equipo multifunci\u00f3n.<\/p>\n<p><\/p>\n<p style=\"text-align: justify;\"><strong>Funciones de la impresora<\/strong> que nos ayudan a ahorrar. Claves para saber usar la impresora adecuadamente, con el fin de sacarle el m\u00e1ximo provecho, obtener unas impresiones de la m\u00e1xima calidad al coste m\u00e1s bajo posible en cada caso. Las auditor\u00edas son fuentes de informaci\u00f3n que se realizan con el fin de mejorar procesos. Incluye la auditor\u00eda de impresi\u00f3n en tus planes de este mes y comienza a ahorrar desde ese mismo momento gracias al renting de fotocopiadoras profesionales.<\/p>\n<p>[\/et_pb_text][\/et_pb_column][\/et_pb_row][et_pb_row _builder_version=\u00bb4.16&#8243; global_colors_info=\u00bb{}\u00bb column_structure=\u00bb1_2,1_2&#8243;][et_pb_column type=\u00bb1_2&#8243; _builder_version=\u00bb4.16&#8243; custom_padding=\u00bb|||\u00bb global_colors_info=\u00bb{}\u00bb custom_padding__hover=\u00bb|||\u00bb][et_pb_button button_url=\u00bbtel:+34000000000&#8243; button_text=\u00bbll\u00e1manos\u00bb button_alignment=\u00bbcenter\u00bb _builder_version=\u00bb4.16&#8243; custom_button=\u00bbon\u00bb button_text_color=\u00bb#e02b20&#8243; button_font=\u00bb|||on|||||\u00bb button_icon=\u00bb&#xe090;||divi||400&#8243; button_icon_placement=\u00bbleft\u00bb button_on_hover=\u00bboff\u00bb global_colors_info=\u00bb{}\u00bb][\/et_pb_button][\/et_pb_column][et_pb_column type=\u00bb1_2&#8243; _builder_version=\u00bb4.16&#8243; custom_padding=\u00bb|||\u00bb global_colors_info=\u00bb{}\u00bb custom_padding__hover=\u00bb|||\u00bb][et_pb_button button_url=\u00bbhttps:\/\/eocinformatica.com\/es\/contacto\/?your-inter=Auditoria%20costos%20d&#039;impressio\u00bb button_text=\u00bbm\u00e1s informaci\u00f3n\u00bb button_alignment=\u00bbcenter\u00bb _builder_version=\u00bb4.16&#8243; custom_button=\u00bbon\u00bb button_text_color=\u00bb#000000&#8243; button_font=\u00bb|||on|||||\u00bb button_icon=\u00bb&#x68;||divi||400&#8243; button_icon_placement=\u00bbleft\u00bb button_on_hover=\u00bboff\u00bb global_colors_info=\u00bb{}\u00bb][\/et_pb_button][\/et_pb_column][\/et_pb_row][\/et_pb_section][et_pb_section fb_built=\u00bb1&#8243; fullwidth=\u00bbon\u00bb _builder_version=\u00bb4.16&#8243; global_colors_info=\u00bb{}\u00bb]<\/p>\n<p>[et_pb_fullwidth_code _builder_version=\u00bb4.16&#8243; global_colors_info=\u00bb{}\u00bb]<iframe loading=\"lazy\" src=\"https:\/\/www.youtube.com\/embed\/2TU_Zpz_xdQ\" width=\"560\" height=\"115\" frameborder=\"0\" allowfullscreen=\"allowfullscreen\"><\/iframe>[\/et_pb_fullwidth_code]<\/p>\n<p>[\/et_pb_section]<\/p>\n","protected":false},"excerpt":{"rendered":"<p>EOC INFORM\u00c1TICASERVICIOS PROFESIONALES OFRECEMOS UN ESTUDIO GRATUITO Y PERSONALIZADO DE SU ENTORNO DE IMPRESI\u00d3NDentro de la empresa y las pymes es costumbre vigilar los grandes costes que afectan a la estructura de la misma, pero existen otros gastos considerados como rutinarios o menores a los que no se les presta la atenci\u00f3n adecuada. Una de [&hellip;]<\/p>\n","protected":false},"author":1,"featured_media":0,"parent":1020,"menu_order":0,"comment_status":"closed","ping_status":"closed","template":"","meta":{"_et_pb_use_builder":"on","_et_pb_old_content":"","_et_gb_content_width":"","footnotes":""},"class_list":["post-1034","page","type-page","status-publish","hentry"],"_links":{"self":[{"href":"https:\/\/eocinformatica.com\/es\/wp-json\/wp\/v2\/pages\/1034","targetHints":{"allow":["GET"]}}],"collection":[{"href":"https:\/\/eocinformatica.com\/es\/wp-json\/wp\/v2\/pages"}],"about":[{"href":"https:\/\/eocinformatica.com\/es\/wp-json\/wp\/v2\/types\/page"}],"author":[{"embeddable":true,"href":"https:\/\/eocinformatica.com\/es\/wp-json\/wp\/v2\/users\/1"}],"replies":[{"embeddable":true,"href":"https:\/\/eocinformatica.com\/es\/wp-json\/wp\/v2\/comments?post=1034"}],"version-history":[{"count":5,"href":"https:\/\/eocinformatica.com\/es\/wp-json\/wp\/v2\/pages\/1034\/revisions"}],"predecessor-version":[{"id":26050,"href":"https:\/\/eocinformatica.com\/es\/wp-json\/wp\/v2\/pages\/1034\/revisions\/26050"}],"up":[{"embeddable":true,"href":"https:\/\/eocinformatica.com\/es\/wp-json\/wp\/v2\/pages\/1020"}],"wp:attachment":[{"href":"https:\/\/eocinformatica.com\/es\/wp-json\/wp\/v2\/media?parent=1034"}],"curies":[{"name":"wp","href":"https:\/\/api.w.org\/{rel}","templated":true}]}}