{"id":1020,"date":"2019-04-03T11:22:23","date_gmt":"2019-04-03T09:22:23","guid":{"rendered":"http:\/\/eocsl.com\/?page_id=1020"},"modified":"2025-08-25T12:10:05","modified_gmt":"2025-08-25T10:10:05","slug":"servicios-profesionales","status":"publish","type":"page","link":"https:\/\/eocinformatica.com\/es\/servicios-profesionales\/","title":{"rendered":"Servicios Profesionales"},"content":{"rendered":"<p>[et_pb_section fb_built=\u00bb1&#8243; next_background_color=\u00bb#ffffff\u00bb admin_label=\u00bbHeader\u00bb _builder_version=\u00bb3.19.15&#8243; background_color=\u00bb#2130b7&#8243; use_background_color_gradient=\u00bbon\u00bb background_color_gradient_start=\u00bb#2130b7&#8243; background_color_gradient_end=\u00bbrgba(33,48,183,0)\u00bb background_color_gradient_type=\u00bbradial\u00bb background_color_gradient_end_position=\u00bb48%\u00bb background_color_gradient_overlays_image=\u00bbon\u00bb background_image=\u00bbhttps:\/\/eocinformatica.com\/wp-content\/uploads\/2019\/03\/fab94aeb-426c-49a6-ba58-bc7cd5df79bf.jpg\u00bb background_size=\u00bbinitial\u00bb custom_margin=\u00bb||||false\u00bb custom_padding=\u00bb0||0||true|false\u00bb][et_pb_row use_custom_width=\u00bbon\u00bb width_unit=\u00bboff\u00bb custom_padding=\u00bb141px|0px|141px|0px|true|false\u00bb custom_padding_tablet=\u00bb40px||40px||true\u00bb custom_padding_last_edited=\u00bbon|tablet\u00bb _builder_version=\u00bb3.17.6&#8243;][et_pb_column type=\u00bb4_4&#8243; _builder_version=\u00bb3.0.47&#8243;][et_pb_text _builder_version=\u00bb3.19.15&#8243; text_font=\u00bb||||||||\u00bb header_font=\u00bbPoppins|600|||||||\u00bb header_font_size=\u00bb84.2px\u00bb header_font_size_tablet=\u00bb38px\u00bb header_font_size_phone=\u00bb28px\u00bb header_font_size_last_edited=\u00bbon|phone\u00bb header_line_height=\u00bb1.5em\u00bb header_text_shadow_style=\u00bbpreset3&#8243; header_text_shadow_vertical_length=\u00bb0.3em\u00bb header_text_shadow_blur_strength=\u00bb1.4em\u00bb header_text_shadow_color=\u00bbrgba(0,0,0,0.24)\u00bb text_orientation=\u00bbcenter\u00bb background_layout=\u00bbdark\u00bb max_width=\u00bb55%\u00bb max_width_last_edited=\u00bbon|desktop\u00bb module_alignment=\u00bbcenter\u00bb custom_margin=\u00bb||20px\u00bb animation_style=\u00bbfade\u00bb header_3_font_size__hover=\u00bb22px\u00bb header_3_font_size__hover_enabled=\u00bb22px\u00bb header_3_letter_spacing__hover=\u00bb0px\u00bb header_3_letter_spacing__hover_enabled=\u00bb0px\u00bb header_3_line_height__hover=\u00bb1em\u00bb header_3_line_height__hover_enabled=\u00bb1em\u00bb header_3_text_shadow_style__hover=\u00bbnone\u00bb header_3_text_shadow_style__hover_enabled=\u00bbnone\u00bb header_3_text_shadow_color__hover=\u00bbrgba(0,0,0,0.4)\u00bb header_3_text_shadow_color__hover_enabled=\u00bbrgba(0,0,0,0.4)\u00bb]<\/p>\n<h1>EOC INFORM\u00c1TICA<\/h1>\n<p>[\/et_pb_text][et_pb_text _builder_version=\u00bb3.19.15&#8243; text_font=\u00bb|300|||||||\u00bb text_text_color=\u00bb#ffffff\u00bb text_font_size=\u00bb16px\u00bb text_letter_spacing=\u00bb6px\u00bb text_text_shadow_style=\u00bbpreset1&#8243; text_orientation=\u00bbcenter\u00bb]<\/p>\n<p>SERVICIOS PROFESIONALES<\/p>\n<p>[\/et_pb_text][et_pb_text _builder_version=\u00bb3.17.6&#8243; text_font=\u00bb||||||||\u00bb text_font_size=\u00bb16px\u00bb text_font_size_phone=\u00bb14px\u00bb text_font_size_last_edited=\u00bbon|phone\u00bb text_line_height=\u00bb2em\u00bb text_orientation=\u00bbcenter\u00bb background_layout=\u00bbdark\u00bb max_width=\u00bb50%\u00bb max_width_last_edited=\u00bbon|tablet\u00bb module_alignment=\u00bbcenter\u00bb custom_margin=\u00bb||60px\u00bb custom_margin_tablet=\u00bb||30px\u00bb custom_margin_last_edited=\u00bbon|desktop\u00bb][\/et_pb_text][\/et_pb_column][\/et_pb_row][\/et_pb_section][et_pb_section fb_built=\u00bb1&#8243; _builder_version=\u00bb3.19.15&#8243; custom_padding=\u00bb54px|0|54px|0px|false|false\u00bb][et_pb_row make_fullwidth=\u00bbon\u00bb _builder_version=\u00bb3.19.15&#8243;][et_pb_column type=\u00bb1_3&#8243; _builder_version=\u00bb3.19.15&#8243;][et_pb_blurb title=\u00bbRENTING Y ALQUILER DE IMPRESORAS\u00bb url=\u00bbhttps:\/\/eocinformatica.com\/es\/servicios-profesionales\/renting-i-alquiler\/\u00bb image=\u00bbhttps:\/\/eocinformatica.com\/wp-content\/uploads\/2019\/03\/baner2.jpg\u00bb _builder_version=\u00bb3.19.15&#8243; header_font=\u00bb|300|||||||\u00bb header_text_align=\u00bbcenter\u00bb header_text_color=\u00bb#000000&#8243; body_font=\u00bb|300|||||||\u00bb body_text_color=\u00bb#ff885a\u00bb]<\/p>\n<p style=\"text-align: center;\"><a href=\"https:\/\/eocinformatica.com\/es\/servicios-profesionales\/renting-i-alquiler\/\">+ M\u00c1S INFORMACI\u00d3N<\/a><\/p>\n<p>[\/et_pb_blurb][\/et_pb_column][et_pb_column type=\u00bb1_3&#8243; _builder_version=\u00bb3.19.15&#8243;][et_pb_blurb title=\u00bbMANTENIMIENTO DE IMPRESORAS, EQUIPOS Y SISTEMAS DE IMPRESI\u00d3N\u00bb url=\u00bbhttps:\/\/eocinformatica.com\/es\/servicios-profesionales\/mantenimiento-de-impresoras-equipos-y-sistemas-de-impresion\/\u00bb image=\u00bbhttps:\/\/eocinformatica.com\/wp-content\/uploads\/2019\/03\/photo-1532186773960-85649e5cb70b.jpg\u00bb _builder_version=\u00bb3.19.15&#8243; header_font=\u00bb|300|||||||\u00bb header_text_align=\u00bbcenter\u00bb header_text_color=\u00bb#000000&#8243; body_font=\u00bb|300|||||||\u00bb body_text_color=\u00bb#ff885a\u00bb]<\/p>\n<p style=\"text-align: center;\"><a href=\"https:\/\/eocinformatica.com\/es\/servicios-profesionales\/mantenimiento-de-impresoras-equipos-y-sistemas-de-impresion\/\">+ M\u00c1S INFORMACI\u00d3N<\/a><\/p>\n<p>[\/et_pb_blurb][\/et_pb_column][et_pb_column type=\u00bb1_3&#8243; _builder_version=\u00bb3.19.15&#8243;][et_pb_blurb title=\u00bbSOLUCIONES INFORM\u00c1TICAS Y MANTENIMIENTO PARA PYMES\u00bb url=\u00bbhttps:\/\/eocinformatica.com\/es\/servicios-profesionales\/soluciones-informaticas-y-mantenimiento-para-pymes\/\u00bb image=\u00bbhttps:\/\/eocinformatica.com\/wp-content\/uploads\/2019\/03\/photo-1498409785966-ab341407de6e.jpg\u00bb _builder_version=\u00bb3.19.15&#8243; header_font=\u00bb|300|||||||\u00bb header_text_align=\u00bbcenter\u00bb header_text_color=\u00bb#000000&#8243; body_font=\u00bb|300|||||||\u00bb body_text_color=\u00bb#ff885a\u00bb]<\/p>\n<p style=\"text-align: center;\"><a href=\"https:\/\/eocinformatica.com\/es\/servicios-profesionales\/soluciones-informaticas-y-mantenimiento-para-pymes\/\">+ M\u00c1S INFORMACI\u00d3N<\/a><\/p>\n<p>[\/et_pb_blurb][\/et_pb_column][\/et_pb_row][et_pb_row make_fullwidth=\u00bbon\u00bb custom_padding=\u00bb43px|0px|27px|0px|false|false\u00bb _builder_version=\u00bb3.19.15&#8243;][et_pb_column type=\u00bb1_3&#8243; _builder_version=\u00bb3.19.15&#8243;][et_pb_blurb title=\u00bbESTUDIOS DE COSTES DE IMPRESI\u00d3N\u00bb url=\u00bbhttps:\/\/eocinformatica.com\/es\/servicios-profesionales\/estudios-de-costes-de-impresion\/\u00bb image=\u00bbhttps:\/\/eocinformatica.com\/wp-content\/uploads\/2019\/03\/photo-1528031069244-0b780c7aeb52.jpg\u00bb _builder_version=\u00bb3.19.15&#8243; header_font=\u00bb|300|||||||\u00bb header_text_align=\u00bbcenter\u00bb header_text_color=\u00bb#000000&#8243; body_font=\u00bb|300|||||||\u00bb body_text_color=\u00bb#ff885a\u00bb]<\/p>\n<p style=\"text-align: center;\"><a href=\"https:\/\/eocinformatica.com\/es\/servicios-profesionales\/estudios-de-costes-de-impresion\/\">+ M\u00c1S INFORMACI\u00d3n<\/a><\/p>\n<p>[\/et_pb_blurb][\/et_pb_column][et_pb_column type=\u00bb1_3&#8243; _builder_version=\u00bb3.19.15&#8243;][et_pb_blurb title=\u00bbSERVICIO DE ASISTENCIA T\u00c9CNICA\u00bb url=\u00bbhttps:\/\/eocinformatica.com\/es\/servicios-profesionales\/servicio-de-asistencia-tecnica\/\u00bb image=\u00bbhttps:\/\/eocinformatica.com\/wp-content\/uploads\/2019\/03\/photo-1535025075092-5a1cf795130b-1.jpg\u00bb _builder_version=\u00bb3.19.15&#8243; header_font=\u00bb|300|||||||\u00bb header_text_align=\u00bbcenter\u00bb header_text_color=\u00bb#000000&#8243; body_font=\u00bb|300|||||||\u00bb body_text_color=\u00bb#ff885a\u00bb text_orientation=\u00bbcenter\u00bb]<\/p>\n<p><a href=\"https:\/\/eocinformatica.com\/es\/servicios-profesionales\/servicio-de-asistencia-tecnica\/\">+ M\u00c1S INFORMACI\u00d3N<\/a><\/p>\n<p>\n[\/et_pb_blurb][\/et_pb_column][et_pb_column type=\u00bb1_3&#8243; _builder_version=\u00bb3.19.15&#8243;][et_pb_blurb title=\u00bbSOLUCIONES PARA EL MEDIO AMBIENTE\u00bb url=\u00bbhttps:\/\/eocinformatica.com\/es\/servicios-profesionales\/soluciones-para-el-medio-ambiente\/\u00bb image=\u00bbhttps:\/\/eocinformatica.com\/wp-content\/uploads\/2019\/03\/photo-1535025075092-5a1cf795130b.jpg\u00bb _builder_version=\u00bb3.19.15&#8243; header_font=\u00bb|300|||||||\u00bb header_text_align=\u00bbcenter\u00bb header_text_color=\u00bb#000000&#8243; body_font=\u00bb|300|||||||\u00bb body_text_color=\u00bb#ff885a\u00bb text_orientation=\u00bbcenter\u00bb]<\/p>\n<p><a href=\"https:\/\/eocinformatica.com\/es\/servicios-profesionales\/servicio-de-asistencia-tecnica\/\">+ M\u00c1S INFORMACI\u00d3N<\/a><\/p>\n<p>[\/et_pb_blurb][\/et_pb_column][\/et_pb_row][\/et_pb_section]<\/p>\n","protected":false},"excerpt":{"rendered":"<p>EOC INFORM\u00c1TICASERVICIOS PROFESIONALES + M\u00c1S INFORMACI\u00d3N+ M\u00c1S INFORMACI\u00d3N+ M\u00c1S INFORMACI\u00d3N+ M\u00c1S INFORMACI\u00d3n+ M\u00c1S INFORMACI\u00d3N + M\u00c1S INFORMACI\u00d3N<\/p>\n","protected":false},"author":1,"featured_media":0,"parent":0,"menu_order":0,"comment_status":"closed","ping_status":"closed","template":"","meta":{"_et_pb_use_builder":"on","_et_pb_old_content":"","_et_gb_content_width":"","footnotes":""},"class_list":["post-1020","page","type-page","status-publish","hentry"],"_links":{"self":[{"href":"https:\/\/eocinformatica.com\/es\/wp-json\/wp\/v2\/pages\/1020","targetHints":{"allow":["GET"]}}],"collection":[{"href":"https:\/\/eocinformatica.com\/es\/wp-json\/wp\/v2\/pages"}],"about":[{"href":"https:\/\/eocinformatica.com\/es\/wp-json\/wp\/v2\/types\/page"}],"author":[{"embeddable":true,"href":"https:\/\/eocinformatica.com\/es\/wp-json\/wp\/v2\/users\/1"}],"replies":[{"embeddable":true,"href":"https:\/\/eocinformatica.com\/es\/wp-json\/wp\/v2\/comments?post=1020"}],"version-history":[{"count":11,"href":"https:\/\/eocinformatica.com\/es\/wp-json\/wp\/v2\/pages\/1020\/revisions"}],"predecessor-version":[{"id":26048,"href":"https:\/\/eocinformatica.com\/es\/wp-json\/wp\/v2\/pages\/1020\/revisions\/26048"}],"wp:attachment":[{"href":"https:\/\/eocinformatica.com\/es\/wp-json\/wp\/v2\/media?parent=1020"}],"curies":[{"name":"wp","href":"https:\/\/api.w.org\/{rel}","templated":true}]}}