{"id":1003,"date":"2019-04-03T11:15:28","date_gmt":"2019-04-03T09:15:28","guid":{"rendered":"http:\/\/eocsl.com\/?page_id=1003"},"modified":"2019-04-10T12:55:47","modified_gmt":"2019-04-10T10:55:47","slug":"casos-de-exito","status":"publish","type":"page","link":"https:\/\/eocinformatica.com\/es\/casos-de-exito\/","title":{"rendered":"Casos de \u00e9xito"},"content":{"rendered":"<p>[et_pb_section fb_built=\u00bb1&#8243; next_background_color=\u00bb#ffffff\u00bb admin_label=\u00bbHeader\u00bb _builder_version=\u00bb3.19.15&#8243; background_color=\u00bb#2130b7&#8243; use_background_color_gradient=\u00bbon\u00bb background_color_gradient_start=\u00bb#2130b7&#8243; background_color_gradient_end=\u00bbrgba(33,48,183,0)\u00bb background_color_gradient_type=\u00bbradial\u00bb background_color_gradient_end_position=\u00bb48%\u00bb background_color_gradient_overlays_image=\u00bbon\u00bb background_image=\u00bbhttps:\/\/eocinformatica.com\/wp-content\/uploads\/2019\/03\/irving-martinez-580112-unsplash-1.jpg\u00bb custom_margin=\u00bb||||false\u00bb custom_padding=\u00bb0||0||true|false\u00bb][et_pb_row use_custom_width=\u00bbon\u00bb width_unit=\u00bboff\u00bb custom_padding=\u00bb141px|0px|141px|0px|true|false\u00bb custom_padding_tablet=\u00bb40px||40px||true\u00bb custom_padding_last_edited=\u00bbon|tablet\u00bb _builder_version=\u00bb3.17.6&#8243;][et_pb_column type=\u00bb4_4&#8243; _builder_version=\u00bb3.0.47&#8243;][et_pb_text _builder_version=\u00bb3.19.15&#8243; text_font=\u00bb||||||||\u00bb header_font=\u00bbPoppins|600|||||||\u00bb header_font_size=\u00bb84.2px\u00bb header_font_size_tablet=\u00bb38px\u00bb header_font_size_phone=\u00bb28px\u00bb header_font_size_last_edited=\u00bbon|phone\u00bb header_line_height=\u00bb1.5em\u00bb header_text_shadow_style=\u00bbpreset3&#8243; header_text_shadow_vertical_length=\u00bb0.3em\u00bb header_text_shadow_blur_strength=\u00bb1.4em\u00bb header_text_shadow_color=\u00bbrgba(0,0,0,0.24)\u00bb text_orientation=\u00bbcenter\u00bb background_layout=\u00bbdark\u00bb max_width=\u00bb55%\u00bb max_width_last_edited=\u00bbon|desktop\u00bb module_alignment=\u00bbcenter\u00bb custom_margin=\u00bb||20px\u00bb animation_style=\u00bbfade\u00bb header_3_font_size__hover=\u00bb22px\u00bb header_3_font_size__hover_enabled=\u00bb22px\u00bb header_3_letter_spacing__hover=\u00bb0px\u00bb header_3_letter_spacing__hover_enabled=\u00bb0px\u00bb header_3_line_height__hover=\u00bb1em\u00bb header_3_line_height__hover_enabled=\u00bb1em\u00bb header_3_text_shadow_style__hover=\u00bbnone\u00bb header_3_text_shadow_style__hover_enabled=\u00bbnone\u00bb header_3_text_shadow_color__hover=\u00bbrgba(0,0,0,0.4)\u00bb header_3_text_shadow_color__hover_enabled=\u00bbrgba(0,0,0,0.4)\u00bb]<\/p>\n<h1>EOC INFORM\u00c0TICA<\/h1>\n<p>[\/et_pb_text][et_pb_text _builder_version=\u00bb3.19.15&#8243; text_font=\u00bb|300|||||||\u00bb text_text_color=\u00bb#ffffff\u00bb text_font_size=\u00bb16px\u00bb text_letter_spacing=\u00bb6px\u00bb text_text_shadow_style=\u00bbpreset1&#8243; text_orientation=\u00bbcenter\u00bb]<\/p>\n<p>CASOS DE \u00c9XITO<\/p>\n<p>[\/et_pb_text][et_pb_text _builder_version=\u00bb3.17.6&#8243; text_font=\u00bb||||||||\u00bb text_font_size=\u00bb16px\u00bb text_font_size_phone=\u00bb14px\u00bb text_font_size_last_edited=\u00bbon|phone\u00bb text_line_height=\u00bb2em\u00bb text_orientation=\u00bbcenter\u00bb background_layout=\u00bbdark\u00bb max_width=\u00bb50%\u00bb max_width_last_edited=\u00bbon|tablet\u00bb module_alignment=\u00bbcenter\u00bb custom_margin=\u00bb||60px\u00bb custom_margin_tablet=\u00bb||30px\u00bb custom_margin_last_edited=\u00bbon|desktop\u00bb][\/et_pb_text][\/et_pb_column][\/et_pb_row][\/et_pb_section][et_pb_section fb_built=\u00bb1&#8243; _builder_version=\u00bb3.19.15&#8243; custom_padding=\u00bb54px|0px|60px|0px|false|false\u00bb][et_pb_row _builder_version=\u00bb3.19.15&#8243;][et_pb_column type=\u00bb1_2&#8243; _builder_version=\u00bb3.19.15&#8243;][et_pb_image max_width=\u00bb60%\u00bb src=\u00bbhttps:\/\/eocinformatica.com\/wp-content\/uploads\/2019\/04\/logo59ddc07f5e882_jounoues.jpg\u00bb _builder_version=\u00bb3.19.15&#8243; module_alignment=\u00bbcenter\u00bb][\/et_pb_image][et_pb_text _builder_version=\u00bb3.19.15&#8243; text_font=\u00bb|300|on||||||\u00bb box_shadow_position=\u00bbouter\u00bb]<\/p>\n<p><span>Direcci\u00f3\u00a0<\/span> :\u00a0<span>Av. Tarragona, 139 08720 Vilafranca del Pened\u00e8s (Barcelona)<\/span><\/p>\n<p>[\/et_pb_text][et_pb_text text_font_size=\u00bb20px\u00bb _builder_version=\u00bb3.19.15&#8243; text_font=\u00bb|||on|||||\u00bb box_shadow_position=\u00bbouter\u00bb]<\/p>\n<p style=\"text-align: center;\"><span>\u00bb Es nuestro proveedor de soluciones de impresiones con m\u00e1quinas\u00a0<\/span><span>Kyocera<\/span><span>.<\/span><br \/> <span>Servicio profesional y de calidad.\u00bb\u00a0<\/span><\/p>\n<p>[\/et_pb_text][et_pb_button custom_button=\u00bbon\u00bb button_text_size=\u00bb12px\u00bb button_text_color=\u00bb#000000&#8243; button_border_width=\u00bb1px\u00bb button_text=\u00bbCon\u00f3celos\u00bb _builder_version=\u00bb3.19.15&#8243; button_alignment=\u00bbcenter\u00bb button_font=\u00bb||||||||\u00bb box_shadow_position=\u00bbouter\u00bb custom_margin=\u00bb||\u00bb button_url=\u00bbhttps:\/\/www.jounou.es\u00bb][\/et_pb_button][\/et_pb_column][et_pb_column type=\u00bb1_2&#8243; _builder_version=\u00bb3.19.15&#8243;][et_pb_image src=\u00bbhttps:\/\/eocinformatica.com\/wp-content\/uploads\/2019\/04\/b1.png\u00bb _builder_version=\u00bb3.19.15&#8243;][\/et_pb_image][\/et_pb_column][\/et_pb_row][\/et_pb_section][et_pb_section fb_built=\u00bb1&#8243; background_color=\u00bb#f7f7f7&#8243; _builder_version=\u00bb3.19.15&#8243; custom_padding=\u00bb57px|0px|60px|0px|false|false\u00bb][et_pb_row _builder_version=\u00bb3.19.15&#8243;][et_pb_column type=\u00bb1_2&#8243; _builder_version=\u00bb3.19.15&#8243;][et_pb_image src=\u00bbhttps:\/\/eocinformatica.com\/wp-content\/uploads\/2019\/04\/b2.png\u00bb _builder_version=\u00bb3.19.15&#8243;][\/et_pb_image][\/et_pb_column][et_pb_column type=\u00bb1_2&#8243; _builder_version=\u00bb3.19.15&#8243;][et_pb_image max_width=\u00bb60%\u00bb src=\u00bbhttps:\/\/eocinformatica.com\/wp-content\/uploads\/2019\/04\/logo.png\u00bb _builder_version=\u00bb3.19.15&#8243; module_alignment=\u00bbcenter\u00bb][\/et_pb_image][et_pb_text _builder_version=\u00bb3.19.15&#8243; text_font=\u00bb|300|on||||||\u00bb box_shadow_position=\u00bbouter\u00bb]<\/p>\n<p><span><span style=\"color: #e02b20;\">Direcci\u00f3<\/span>\u00a0<\/span> : <span>Pol. Ind. Domenys II, c\/Enologia 5<\/span><span>\u00a008720 Vilafranca del Pened\u00e8s (Barcelona)<\/span><\/p>\n<p>[\/et_pb_text][et_pb_text text_font_size=\u00bb20px\u00bb _builder_version=\u00bb3.19.15&#8243; text_font=\u00bb|||on|||||\u00bb box_shadow_position=\u00bbouter\u00bb]<\/p>\n<p style=\"text-align: center;\"><span>\u00bb Profesionales, implicaci\u00f3n para solucionar cualquier problema inform\u00e1tico,buen trato. Muy recomendable.<\/span><span>\u00bb\u00a0<\/span><\/p>\n<p>[\/et_pb_text][et_pb_button custom_button=\u00bbon\u00bb button_text_size=\u00bb12px\u00bb button_text_color=\u00bb#000000&#8243; button_border_width=\u00bb1px\u00bb button_text=\u00bbCon\u00f3celos\u00bb _builder_version=\u00bb3.19.15&#8243; button_alignment=\u00bbcenter\u00bb button_font=\u00bb||||||||\u00bb box_shadow_position=\u00bbouter\u00bb custom_margin=\u00bb||\u00bb button_url=\u00bbhttp:\/\/www.comercialrediva.com\/\u00bb][\/et_pb_button][\/et_pb_column][\/et_pb_row][\/et_pb_section][et_pb_section fb_built=\u00bb1&#8243; _builder_version=\u00bb3.19.15&#8243; custom_padding=\u00bb54px|0px|60px|0px|false|false\u00bb][et_pb_row _builder_version=\u00bb3.19.15&#8243;][et_pb_column type=\u00bb1_2&#8243; _builder_version=\u00bb3.19.15&#8243;][et_pb_image align=\u00bbcenter\u00bb max_width=\u00bb40%\u00bb src=\u00bbhttps:\/\/eocinformatica.com\/wp-content\/uploads\/2019\/04\/LOGO1FECASL.jpg\u00bb _builder_version=\u00bb3.19.15&#8243; box_shadow_position=\u00bbouter\u00bb][\/et_pb_image][et_pb_text _builder_version=\u00bb3.19.15&#8243; text_font=\u00bb|300|on||||||\u00bb box_shadow_position=\u00bbouter\u00bb]<\/p>\n<p><span><span style=\"color: #e02b20;\">Direcci\u00f3<\/span>\u00a0<\/span> : <span>Ctra. Sant mart\u00ed, 2<\/span><span>\u00a008720 Vilafranca del Pened\u00e8s (Barcelona)<\/span><\/p>\n<p>[\/et_pb_text][et_pb_text text_font_size=\u00bb20px\u00bb _builder_version=\u00bb3.19.15&#8243; text_font=\u00bb|||on|||||\u00bb box_shadow_position=\u00bbouter\u00bb]<\/p>\n<p style=\"text-align: center;\"><span>\u00bb Somos clientes suyos desde hace muchos a\u00f1os, un trato perfecto, personalizado y muy profesional, aconsejando siempre la mejor opci\u00f3n.<br \/>En estos momentos tenemos m\u00e1s de una docena de impresoras\u00a0Kyocera\u00a0con mantenimiento con ellos, todo perfecto<\/span><span>.\u00bb\u00a0<\/span><\/p>\n<p>[\/et_pb_text][et_pb_button custom_button=\u00bbon\u00bb button_text_size=\u00bb12px\u00bb button_text_color=\u00bb#000000&#8243; button_border_width=\u00bb1px\u00bb button_text=\u00bbCon\u00f3celos\u00bb _builder_version=\u00bb3.19.15&#8243; button_alignment=\u00bbcenter\u00bb button_font=\u00bb||||||||\u00bb box_shadow_position=\u00bbouter\u00bb custom_margin=\u00bb||\u00bb button_url=\u00bbhttp:\/\/www.feca.cat\/\u00bb][\/et_pb_button][\/et_pb_column][et_pb_column type=\u00bb1_2&#8243; _builder_version=\u00bb3.19.15&#8243;][et_pb_image src=\u00bbhttps:\/\/eocinformatica.com\/wp-content\/uploads\/2019\/04\/b3.png\u00bb _builder_version=\u00bb3.19.15&#8243;][\/et_pb_image][\/et_pb_column][\/et_pb_row][\/et_pb_section][et_pb_section fb_built=\u00bb1&#8243; background_color=\u00bb#f7f7f7&#8243; _builder_version=\u00bb3.19.15&#8243; custom_padding=\u00bb57px|0px|60px|0px|false|false\u00bb][et_pb_row _builder_version=\u00bb3.19.15&#8243;][et_pb_column type=\u00bb1_2&#8243; _builder_version=\u00bb3.19.15&#8243;][et_pb_image src=\u00bbhttps:\/\/eocinformatica.com\/wp-content\/uploads\/2019\/04\/b3-1.png\u00bb _builder_version=\u00bb3.19.15&#8243;][\/et_pb_image][\/et_pb_column][et_pb_column type=\u00bb1_2&#8243; _builder_version=\u00bb3.19.15&#8243;][et_pb_image max_width=\u00bb60%\u00bb src=\u00bbhttps:\/\/eocinformatica.com\/wp-content\/uploads\/2019\/04\/LOGO-CET-VERD-SENSE-FONS-1.png\u00bb _builder_version=\u00bb3.19.15&#8243; module_alignment=\u00bbcenter\u00bb][\/et_pb_image][et_pb_text _builder_version=\u00bb3.19.15&#8243; text_font=\u00bb|300|on||||||\u00bb box_shadow_position=\u00bbouter\u00bb]<\/p>\n<p><span><span style=\"color: #e02b20;\">Direcci\u00f3<\/span>\u00a0<\/span> : 2 Carrer del General Vall\u00e8s<span>\u00a008720 Vilafranca del Pened\u00e8s (Barcelona)<\/span><\/p>\n<p>[\/et_pb_text][et_pb_text text_font_size=\u00bb20px\u00bb _builder_version=\u00bb3.19.15&#8243; text_font=\u00bb|||on|||||\u00bb box_shadow_position=\u00bbouter\u00bb]<\/p>\n<p style=\"text-align: center;\"><span>\u00bb Despu\u00e9s de varios a\u00f1os siendo clientes de EOCSL podemos garantizar que estamos plenamente satisfechos con el servicio prestado. Profesionales, atentos y con un servicio dedicado al 100% a sus clientes.<\/span><span>\u00bb\u00a0<\/span><\/p>\n<p>[\/et_pb_text][et_pb_button custom_button=\u00bbon\u00bb button_text_size=\u00bb12px\u00bb button_text_color=\u00bb#000000&#8243; button_border_width=\u00bb1px\u00bb button_text=\u00bbCon\u00f3celos\u00bb _builder_version=\u00bb3.19.15&#8243; button_alignment=\u00bbcenter\u00bb button_font=\u00bb||||||||\u00bb box_shadow_position=\u00bbouter\u00bb custom_margin=\u00bb||\u00bb button_url=\u00bbhttp:\/\/cetpenedes.org\/\u00bb][\/et_pb_button][\/et_pb_column][\/et_pb_row][\/et_pb_section]<\/p>\n","protected":false},"excerpt":{"rendered":"<p>EOC INFORM\u00c0TICACASOS DE \u00c9XITODirecci\u00f3\u00a0 :\u00a0Av. Tarragona, 139 08720 Vilafranca del Pened\u00e8s (Barcelona) \u00bb Es nuestro proveedor de soluciones de impresiones con m\u00e1quinas\u00a0Kyocera. Servicio profesional y de calidad.\u00bb\u00a0 Direcci\u00f3\u00a0 : Pol. Ind. Domenys II, c\/Enologia 5\u00a008720 Vilafranca del Pened\u00e8s (Barcelona)\u00bb Profesionales, implicaci\u00f3n para solucionar cualquier problema inform\u00e1tico,buen trato. Muy recomendable.\u00bb\u00a0 Direcci\u00f3\u00a0 : Ctra. Sant mart\u00ed, 2\u00a008720 [&hellip;]<\/p>\n","protected":false},"author":1,"featured_media":0,"parent":0,"menu_order":0,"comment_status":"closed","ping_status":"closed","template":"","meta":{"_et_pb_use_builder":"on","_et_pb_old_content":"","_et_gb_content_width":"","footnotes":""},"class_list":["post-1003","page","type-page","status-publish","hentry"],"_links":{"self":[{"href":"https:\/\/eocinformatica.com\/es\/wp-json\/wp\/v2\/pages\/1003","targetHints":{"allow":["GET"]}}],"collection":[{"href":"https:\/\/eocinformatica.com\/es\/wp-json\/wp\/v2\/pages"}],"about":[{"href":"https:\/\/eocinformatica.com\/es\/wp-json\/wp\/v2\/types\/page"}],"author":[{"embeddable":true,"href":"https:\/\/eocinformatica.com\/es\/wp-json\/wp\/v2\/users\/1"}],"replies":[{"embeddable":true,"href":"https:\/\/eocinformatica.com\/es\/wp-json\/wp\/v2\/comments?post=1003"}],"version-history":[{"count":7,"href":"https:\/\/eocinformatica.com\/es\/wp-json\/wp\/v2\/pages\/1003\/revisions"}],"predecessor-version":[{"id":1424,"href":"https:\/\/eocinformatica.com\/es\/wp-json\/wp\/v2\/pages\/1003\/revisions\/1424"}],"wp:attachment":[{"href":"https:\/\/eocinformatica.com\/es\/wp-json\/wp\/v2\/media?parent=1003"}],"curies":[{"name":"wp","href":"https:\/\/api.w.org\/{rel}","templated":true}]}}